{"id":18859,"date":"2023-01-27T18:10:22","date_gmt":"2023-01-27T10:10:22","guid":{"rendered":"https:\/\/hemlinegreen.htl.whale-castle.com\/de\/product\/webring-2\/"},"modified":"2023-01-30T15:54:40","modified_gmt":"2023-01-30T07:54:40","slug":"webring-2","status":"publish","type":"product","link":"https:\/\/hemlinegreen.htl.whale-castle.com\/de\/product\/webring-2\/","title":{"rendered":"Webring"},"content":{"rendered":"<p>Strapazierf\u00e4hig. Leicht. Einfach zu verwenden. Ideal f\u00fcr Matten, Schals, Tragetaschen und vieles mehr. Inklusive Garnnadel und Softgrip-Loom Pick. F\u00fcr besseren Halt. Experimentieren Sie mit verschiedenen Garnen, um eine Vielzahl sch\u00f6ner gestrickter Sch\u00e4tze herzustellen.<\/p>\n","protected":false},"excerpt":{"rendered":"<p>Strapazierf\u00e4hig. Leicht. Einfach zu verwenden. Ideal f\u00fcr Matten, Schals, Tragetaschen und vieles mehr. Inklusive Garnnadel und Softgrip-Loom Pick. F\u00fcr besseren Halt. Experimentieren Sie mit verschiedenen Garnen, um eine Vielzahl sch\u00f6ner gestrickter Sch\u00e4tze herzustellen.<\/p>\n","protected":false},"featured_media":14695,"template":"","meta":{"_mi_skip_tracking":false},"product_cat":[12595],"product_tag":[12594],"_links":{"self":[{"href":"https:\/\/hemlinegreen.htl.whale-castle.com\/de\/wp-json\/wp\/v2\/product\/18859"}],"collection":[{"href":"https:\/\/hemlinegreen.htl.whale-castle.com\/de\/wp-json\/wp\/v2\/product"}],"about":[{"href":"https:\/\/hemlinegreen.htl.whale-castle.com\/de\/wp-json\/wp\/v2\/types\/product"}],"wp:featuredmedia":[{"embeddable":true,"href":"https:\/\/hemlinegreen.htl.whale-castle.com\/de\/wp-json\/wp\/v2\/media\/14695"}],"wp:attachment":[{"href":"https:\/\/hemlinegreen.htl.whale-castle.com\/de\/wp-json\/wp\/v2\/media?parent=18859"}],"wp:term":[{"taxonomy":"product_cat","embeddable":true,"href":"https:\/\/hemlinegreen.htl.whale-castle.com\/de\/wp-json\/wp\/v2\/product_cat?post=18859"},{"taxonomy":"product_tag","embeddable":true,"href":"https:\/\/hemlinegreen.htl.whale-castle.com\/de\/wp-json\/wp\/v2\/product_tag?post=18859"}],"curies":[{"name":"wp","href":"https:\/\/api.w.org\/{rel}","templated":true}]}}