{"id":18857,"date":"2023-01-27T18:10:21","date_gmt":"2023-01-27T10:10:21","guid":{"rendered":"https:\/\/hemlinegreen.htl.whale-castle.com\/de\/product\/kurvenlineal\/"},"modified":"2023-01-30T15:54:40","modified_gmt":"2023-01-30T07:54:40","slug":"kurvenlineal","status":"publish","type":"product","link":"https:\/\/hemlinegreen.htl.whale-castle.com\/de\/product\/kurvenlineal\/","title":{"rendered":"Kurvenlineal"},"content":{"rendered":"<p>Einfach zu verwenden. F\u00fcr alle Strick- und N\u00e4hzwecke. Spart Zeit und Geld. Unverzichtbar f\u00fcr Reproduktionsdiagramme f\u00fcr Strickmuster mit metrischen und imperialen Ma\u00dfen. Strickwaren &#8211; Es ist wichtig, Diagramme von Strickmustern nachzuzeichnen. Muster\u00e4nderungen &#8211; Passen Sie die Ma\u00dfe an Taille, H\u00fcfte und Schritt an. Kleidungsstil \u00e4ndern &#8211; Ausschnitt. Abrunden. AAndere Verwendungen &#8211; Knopfl\u00f6cher, Nahtzugabe.<\/p>\n","protected":false},"excerpt":{"rendered":"<p>Einfach zu verwenden. F\u00fcr alle Strick- und N\u00e4hzwecke. Spart Zeit und Geld. Unverzichtbar f\u00fcr Reproduktionsdiagramme f\u00fcr Strickmuster mit metrischen und imperialen Ma\u00dfen. Strickwaren &#8211; Es ist wichtig, Diagramme von Strickmustern nachzuzeichnen. Muster\u00e4nderungen &#8211; Passen Sie die Ma\u00dfe an Taille, H\u00fcfte und Schritt an. Kleidungsstil \u00e4ndern &#8211; Ausschnitt. Abrunden. AAndere Verwendungen &#8211; Knopfl\u00f6cher, Nahtzugabe.<\/p>\n","protected":false},"featured_media":14691,"template":"","meta":{"_mi_skip_tracking":false},"product_cat":[12592],"product_tag":[12593],"_links":{"self":[{"href":"https:\/\/hemlinegreen.htl.whale-castle.com\/de\/wp-json\/wp\/v2\/product\/18857"}],"collection":[{"href":"https:\/\/hemlinegreen.htl.whale-castle.com\/de\/wp-json\/wp\/v2\/product"}],"about":[{"href":"https:\/\/hemlinegreen.htl.whale-castle.com\/de\/wp-json\/wp\/v2\/types\/product"}],"wp:featuredmedia":[{"embeddable":true,"href":"https:\/\/hemlinegreen.htl.whale-castle.com\/de\/wp-json\/wp\/v2\/media\/14691"}],"wp:attachment":[{"href":"https:\/\/hemlinegreen.htl.whale-castle.com\/de\/wp-json\/wp\/v2\/media?parent=18857"}],"wp:term":[{"taxonomy":"product_cat","embeddable":true,"href":"https:\/\/hemlinegreen.htl.whale-castle.com\/de\/wp-json\/wp\/v2\/product_cat?post=18857"},{"taxonomy":"product_tag","embeddable":true,"href":"https:\/\/hemlinegreen.htl.whale-castle.com\/de\/wp-json\/wp\/v2\/product_tag?post=18857"}],"curies":[{"name":"wp","href":"https:\/\/api.w.org\/{rel}","templated":true}]}}