{"id":18853,"date":"2023-01-27T18:10:20","date_gmt":"2023-01-27T10:10:20","guid":{"rendered":"https:\/\/hemlinegreen.htl.whale-castle.com\/de\/product\/sew-fun-gelstift\/"},"modified":"2023-01-30T15:54:39","modified_gmt":"2023-01-30T07:54:39","slug":"sew-fun-gelstift","status":"publish","type":"product","link":"https:\/\/hemlinegreen.htl.whale-castle.com\/de\/product\/sew-fun-gelstift\/","title":{"rendered":"Sew Fun Gelstift"},"content":{"rendered":"<p>N\u00e4h-Gelstift in 3 Designs. S\u00e4urefreie und ungiftige schwarze Tinte auf Wasserbasis. 0,5 mm superfeine Spitze. Neuartiges Design in N\u00e4hmaschine, Ma\u00dfband, Garnkn\u00e4uel. Stiftl\u00e4nge 17,5 cm (6,9 Zoll).<\/p>\n","protected":false},"excerpt":{"rendered":"<p>N\u00e4h-Gelstift in 3 Designs. S\u00e4urefreie und ungiftige schwarze Tinte auf Wasserbasis. 0,5 mm superfeine Spitze. Neuartiges Design in N\u00e4hmaschine, Ma\u00dfband, Garnkn\u00e4uel. Stiftl\u00e4nge 17,5 cm (6,9 Zoll).<\/p>\n","protected":false},"featured_media":14751,"template":"","meta":{"_mi_skip_tracking":false},"product_cat":[12588],"product_tag":[12587],"_links":{"self":[{"href":"https:\/\/hemlinegreen.htl.whale-castle.com\/de\/wp-json\/wp\/v2\/product\/18853"}],"collection":[{"href":"https:\/\/hemlinegreen.htl.whale-castle.com\/de\/wp-json\/wp\/v2\/product"}],"about":[{"href":"https:\/\/hemlinegreen.htl.whale-castle.com\/de\/wp-json\/wp\/v2\/types\/product"}],"wp:featuredmedia":[{"embeddable":true,"href":"https:\/\/hemlinegreen.htl.whale-castle.com\/de\/wp-json\/wp\/v2\/media\/14751"}],"wp:attachment":[{"href":"https:\/\/hemlinegreen.htl.whale-castle.com\/de\/wp-json\/wp\/v2\/media?parent=18853"}],"wp:term":[{"taxonomy":"product_cat","embeddable":true,"href":"https:\/\/hemlinegreen.htl.whale-castle.com\/de\/wp-json\/wp\/v2\/product_cat?post=18853"},{"taxonomy":"product_tag","embeddable":true,"href":"https:\/\/hemlinegreen.htl.whale-castle.com\/de\/wp-json\/wp\/v2\/product_tag?post=18853"}],"curies":[{"name":"wp","href":"https:\/\/api.w.org\/{rel}","templated":true}]}}