{"id":18850,"date":"2023-01-27T18:10:19","date_gmt":"2023-01-27T10:10:19","guid":{"rendered":"https:\/\/hemlinegreen.htl.whale-castle.com\/de\/product\/sew-go-nahset\/"},"modified":"2023-01-30T15:54:39","modified_gmt":"2023-01-30T07:54:39","slug":"sew-go-nahset","status":"publish","type":"product","link":"https:\/\/hemlinegreen.htl.whale-castle.com\/de\/product\/sew-go-nahset\/","title":{"rendered":"Sew Go N\u00e4hset"},"content":{"rendered":"<p>Kompaktes Sew-On-The-Go-N\u00e4hset. Farben: Blau und Rosa. Lieferumfang des N\u00e4hsets:<br \/>\n&#8211; Fadenschneider x 1<br \/>\n&#8211; Nadeleinf\u00e4dler x 1<br \/>\n&#8211; Handnadeln x 3<br \/>\n&#8211; Hemdkn\u00f6pfe x 2<br \/>\n&#8211; Sicherheitsnadeln x 2<br \/>\n&#8211; Polyesterfaden x 4 Farben<\/p>\n","protected":false},"excerpt":{"rendered":"<p>Kompaktes Sew-On-The-Go-N\u00e4hset. Farben: Blau und Rosa. Lieferumfang des N\u00e4hsets: &#8211; Fadenschneider x 1 &#8211; Nadeleinf\u00e4dler x 1 &#8211; Handnadeln x 3 &#8211; Hemdkn\u00f6pfe x 2 &#8211; Sicherheitsnadeln x 2 &#8211; Polyesterfaden x 4 Farben<\/p>\n","protected":false},"featured_media":14745,"template":"","meta":{"_mi_skip_tracking":false},"product_cat":[12582],"product_tag":[12581],"_links":{"self":[{"href":"https:\/\/hemlinegreen.htl.whale-castle.com\/de\/wp-json\/wp\/v2\/product\/18850"}],"collection":[{"href":"https:\/\/hemlinegreen.htl.whale-castle.com\/de\/wp-json\/wp\/v2\/product"}],"about":[{"href":"https:\/\/hemlinegreen.htl.whale-castle.com\/de\/wp-json\/wp\/v2\/types\/product"}],"wp:featuredmedia":[{"embeddable":true,"href":"https:\/\/hemlinegreen.htl.whale-castle.com\/de\/wp-json\/wp\/v2\/media\/14745"}],"wp:attachment":[{"href":"https:\/\/hemlinegreen.htl.whale-castle.com\/de\/wp-json\/wp\/v2\/media?parent=18850"}],"wp:term":[{"taxonomy":"product_cat","embeddable":true,"href":"https:\/\/hemlinegreen.htl.whale-castle.com\/de\/wp-json\/wp\/v2\/product_cat?post=18850"},{"taxonomy":"product_tag","embeddable":true,"href":"https:\/\/hemlinegreen.htl.whale-castle.com\/de\/wp-json\/wp\/v2\/product_tag?post=18850"}],"curies":[{"name":"wp","href":"https:\/\/api.w.org\/{rel}","templated":true}]}}