{"id":18849,"date":"2023-01-27T18:10:19","date_gmt":"2023-01-27T10:10:19","guid":{"rendered":"https:\/\/hemlinegreen.htl.whale-castle.com\/de\/product\/magnetische-saumhilfe-2\/"},"modified":"2023-01-30T15:54:39","modified_gmt":"2023-01-30T07:54:39","slug":"magnetische-saumhilfe-2","status":"publish","type":"product","link":"https:\/\/hemlinegreen.htl.whale-castle.com\/de\/product\/magnetische-saumhilfe-2\/","title":{"rendered":"Magnetische Saumhilfe"},"content":{"rendered":"<p>Magnetische Saumhilfe, wird an der Metallstichplatte der N\u00e4hmaschine befestigt. Ideal zur Sicherstellung einer gleichm\u00e4\u00dfigen Nahtbreite und als Anleitung zum Geradstich. Anti-Rutsch-Design verhindert, dass der Magnet<br \/>\nherum rutscht. Leichte, rostfreie Kunststoff Konstruktion. Pr\u00e4sentiert in einem magnetischen Thekendisplay.  Fr\u00f6hliches Smiley-Design in Blau, Schwarz, Pink, Lila.<\/p>\n","protected":false},"excerpt":{"rendered":"<p>Magnetische Saumhilfe, wird an der Metallstichplatte der N\u00e4hmaschine befestigt. Ideal zur Sicherstellung einer gleichm\u00e4\u00dfigen Nahtbreite und als Anleitung zum Geradstich. Anti-Rutsch-Design verhindert, dass der Magnet herum rutscht. Leichte, rostfreie Kunststoff Konstruktion. Pr\u00e4sentiert in einem magnetischen Thekendisplay. Fr\u00f6hliches Smiley-Design in Blau, Schwarz, Pink, Lila.<\/p>\n","protected":false},"featured_media":14743,"template":"","meta":{"_mi_skip_tracking":false},"product_cat":[12580],"product_tag":[12579],"_links":{"self":[{"href":"https:\/\/hemlinegreen.htl.whale-castle.com\/de\/wp-json\/wp\/v2\/product\/18849"}],"collection":[{"href":"https:\/\/hemlinegreen.htl.whale-castle.com\/de\/wp-json\/wp\/v2\/product"}],"about":[{"href":"https:\/\/hemlinegreen.htl.whale-castle.com\/de\/wp-json\/wp\/v2\/types\/product"}],"wp:featuredmedia":[{"embeddable":true,"href":"https:\/\/hemlinegreen.htl.whale-castle.com\/de\/wp-json\/wp\/v2\/media\/14743"}],"wp:attachment":[{"href":"https:\/\/hemlinegreen.htl.whale-castle.com\/de\/wp-json\/wp\/v2\/media?parent=18849"}],"wp:term":[{"taxonomy":"product_cat","embeddable":true,"href":"https:\/\/hemlinegreen.htl.whale-castle.com\/de\/wp-json\/wp\/v2\/product_cat?post=18849"},{"taxonomy":"product_tag","embeddable":true,"href":"https:\/\/hemlinegreen.htl.whale-castle.com\/de\/wp-json\/wp\/v2\/product_tag?post=18849"}],"curies":[{"name":"wp","href":"https:\/\/api.w.org\/{rel}","templated":true}]}}