{"id":18845,"date":"2023-01-27T18:10:17","date_gmt":"2023-01-27T10:10:17","guid":{"rendered":"https:\/\/hemlinegreen.htl.whale-castle.com\/de\/product\/klettverschluss-haftverschlussband-selbstklebend\/"},"modified":"2023-01-30T15:54:38","modified_gmt":"2023-01-30T07:54:38","slug":"klettverschluss-haftverschlussband-selbstklebend","status":"publish","type":"product","link":"https:\/\/hemlinegreen.htl.whale-castle.com\/de\/product\/klettverschluss-haftverschlussband-selbstklebend\/","title":{"rendered":"Klettverschluss Haftverschlussband &#8211; Selbstklebend"},"content":{"rendered":"<p>Stark und langlebig. Auf beliebige L\u00e4nge zuschneiden. Einfach zu verwenden. Das Halftverschlussband hat endlose<br \/>\nVerwendungsm\u00f6glichkeiten, kann anstelle von Rei\u00dfverschl\u00fcssen, Kn\u00f6pfen, Nieten usw. verwendet werden.<\/p>\n","protected":false},"excerpt":{"rendered":"<p>Stark und langlebig. Auf beliebige L\u00e4nge zuschneiden. Einfach zu verwenden. Das Halftverschlussband hat endlose Verwendungsm\u00f6glichkeiten, kann anstelle von Rei\u00dfverschl\u00fcssen, Kn\u00f6pfen, Nieten usw. verwendet werden.<\/p>\n","protected":false},"featured_media":14735,"template":"","meta":{"_mi_skip_tracking":false},"product_cat":[12355],"product_tag":[12578],"_links":{"self":[{"href":"https:\/\/hemlinegreen.htl.whale-castle.com\/de\/wp-json\/wp\/v2\/product\/18845"}],"collection":[{"href":"https:\/\/hemlinegreen.htl.whale-castle.com\/de\/wp-json\/wp\/v2\/product"}],"about":[{"href":"https:\/\/hemlinegreen.htl.whale-castle.com\/de\/wp-json\/wp\/v2\/types\/product"}],"wp:featuredmedia":[{"embeddable":true,"href":"https:\/\/hemlinegreen.htl.whale-castle.com\/de\/wp-json\/wp\/v2\/media\/14735"}],"wp:attachment":[{"href":"https:\/\/hemlinegreen.htl.whale-castle.com\/de\/wp-json\/wp\/v2\/media?parent=18845"}],"wp:term":[{"taxonomy":"product_cat","embeddable":true,"href":"https:\/\/hemlinegreen.htl.whale-castle.com\/de\/wp-json\/wp\/v2\/product_cat?post=18845"},{"taxonomy":"product_tag","embeddable":true,"href":"https:\/\/hemlinegreen.htl.whale-castle.com\/de\/wp-json\/wp\/v2\/product_tag?post=18845"}],"curies":[{"name":"wp","href":"https:\/\/api.w.org\/{rel}","templated":true}]}}