{"id":18842,"date":"2023-01-27T18:10:16","date_gmt":"2023-01-27T10:10:16","guid":{"rendered":"https:\/\/hemlinegreen.htl.whale-castle.com\/de\/product\/doppelter-konen-und-spulenhalter\/"},"modified":"2023-01-30T15:54:38","modified_gmt":"2023-01-30T07:54:38","slug":"doppelter-konen-und-spulenhalter","status":"publish","type":"product","link":"https:\/\/hemlinegreen.htl.whale-castle.com\/de\/product\/doppelter-konen-und-spulenhalter\/","title":{"rendered":"Doppelter Konen und Spulenhalter"},"content":{"rendered":"<p>Erm\u00f6glicht die Verwendung von gro\u00dfen Fadenkonen auf Standardn\u00e4hmaschinen. Ideal f\u00fcr die Verwendung mit der<br \/>\nZwillingsnadel. Geeignet f\u00fcr 1000 m bis 5000 m Gewindekonen. Stabile und robuste Konstruktion. Einfach zu verwenden.<\/p>\n","protected":false},"excerpt":{"rendered":"<p>Erm\u00f6glicht die Verwendung von gro\u00dfen Fadenkonen auf Standardn\u00e4hmaschinen. Ideal f\u00fcr die Verwendung mit der Zwillingsnadel. Geeignet f\u00fcr 1000 m bis 5000 m Gewindekonen. Stabile und robuste Konstruktion. Einfach zu verwenden.<\/p>\n","protected":false},"featured_media":14683,"template":"","meta":{"_mi_skip_tracking":false},"product_cat":[12183],"product_tag":[12576],"_links":{"self":[{"href":"https:\/\/hemlinegreen.htl.whale-castle.com\/de\/wp-json\/wp\/v2\/product\/18842"}],"collection":[{"href":"https:\/\/hemlinegreen.htl.whale-castle.com\/de\/wp-json\/wp\/v2\/product"}],"about":[{"href":"https:\/\/hemlinegreen.htl.whale-castle.com\/de\/wp-json\/wp\/v2\/types\/product"}],"wp:featuredmedia":[{"embeddable":true,"href":"https:\/\/hemlinegreen.htl.whale-castle.com\/de\/wp-json\/wp\/v2\/media\/14683"}],"wp:attachment":[{"href":"https:\/\/hemlinegreen.htl.whale-castle.com\/de\/wp-json\/wp\/v2\/media?parent=18842"}],"wp:term":[{"taxonomy":"product_cat","embeddable":true,"href":"https:\/\/hemlinegreen.htl.whale-castle.com\/de\/wp-json\/wp\/v2\/product_cat?post=18842"},{"taxonomy":"product_tag","embeddable":true,"href":"https:\/\/hemlinegreen.htl.whale-castle.com\/de\/wp-json\/wp\/v2\/product_tag?post=18842"}],"curies":[{"name":"wp","href":"https:\/\/api.w.org\/{rel}","templated":true}]}}