{"id":18836,"date":"2023-01-27T18:10:10","date_gmt":"2023-01-27T10:10:10","guid":{"rendered":"https:\/\/hemlinegreen.htl.whale-castle.com\/de\/product\/spulenwickler\/"},"modified":"2023-01-30T15:54:26","modified_gmt":"2023-01-30T07:54:26","slug":"spulenwickler","status":"publish","type":"product","link":"https:\/\/hemlinegreen.htl.whale-castle.com\/de\/product\/spulenwickler\/","title":{"rendered":"Spulenwickler"},"content":{"rendered":"<p>Ideal zum Aufwickeln von B\u00e4ndern, F\u00e4den oder Garnen. Stickstr\u00e4nge auf Papp- oder Plastikspulen wickeln. Der Verriegelungsmechanismus h\u00e4lt die Spule w\u00e4hrend des Aufspulens sicher in Position. Anti-Rutsch-Griff.<\/p>\n","protected":false},"excerpt":{"rendered":"<p>Ideal zum Aufwickeln von B\u00e4ndern, F\u00e4den oder Garnen. Stickstr\u00e4nge auf Papp- oder Plastikspulen wickeln. Der Verriegelungsmechanismus h\u00e4lt die Spule w\u00e4hrend des Aufspulens sicher in Position. Anti-Rutsch-Griff.<\/p>\n","protected":false},"featured_media":14671,"template":"","meta":{"_mi_skip_tracking":false},"product_cat":[12567],"product_tag":[12566],"_links":{"self":[{"href":"https:\/\/hemlinegreen.htl.whale-castle.com\/de\/wp-json\/wp\/v2\/product\/18836"}],"collection":[{"href":"https:\/\/hemlinegreen.htl.whale-castle.com\/de\/wp-json\/wp\/v2\/product"}],"about":[{"href":"https:\/\/hemlinegreen.htl.whale-castle.com\/de\/wp-json\/wp\/v2\/types\/product"}],"wp:featuredmedia":[{"embeddable":true,"href":"https:\/\/hemlinegreen.htl.whale-castle.com\/de\/wp-json\/wp\/v2\/media\/14671"}],"wp:attachment":[{"href":"https:\/\/hemlinegreen.htl.whale-castle.com\/de\/wp-json\/wp\/v2\/media?parent=18836"}],"wp:term":[{"taxonomy":"product_cat","embeddable":true,"href":"https:\/\/hemlinegreen.htl.whale-castle.com\/de\/wp-json\/wp\/v2\/product_cat?post=18836"},{"taxonomy":"product_tag","embeddable":true,"href":"https:\/\/hemlinegreen.htl.whale-castle.com\/de\/wp-json\/wp\/v2\/product_tag?post=18836"}],"curies":[{"name":"wp","href":"https:\/\/api.w.org\/{rel}","templated":true}]}}