{"id":18832,"date":"2023-01-27T18:10:09","date_gmt":"2023-01-27T10:10:09","guid":{"rendered":"https:\/\/hemlinegreen.htl.whale-castle.com\/de\/product\/mini-rollschneider\/"},"modified":"2023-01-30T15:54:25","modified_gmt":"2023-01-30T07:54:25","slug":"mini-rollschneider","status":"publish","type":"product","link":"https:\/\/hemlinegreen.htl.whale-castle.com\/de\/product\/mini-rollschneider\/","title":{"rendered":"Mini Rollschneider"},"content":{"rendered":"<p>Schneidet mehrere Stofflagen. 28 mm Standardklinge, perfekt zum N\u00e4hen, Quilten und Papierhandwerk. Ergonomisches Design, geeignet f\u00fcrLinks- und Rechtsh\u00e4nder. Das Sicherheitssystem schlie\u00dft die Klinge, wenn diese nicht verwendet wird.<\/p>\n","protected":false},"excerpt":{"rendered":"<p>Schneidet mehrere Stofflagen. 28 mm Standardklinge, perfekt zum N\u00e4hen, Quilten und Papierhandwerk. Ergonomisches Design, geeignet f\u00fcrLinks- und Rechtsh\u00e4nder. Das Sicherheitssystem schlie\u00dft die Klinge, wenn diese nicht verwendet wird.<\/p>\n","protected":false},"featured_media":14663,"template":"","meta":{"_mi_skip_tracking":false},"product_cat":[12561],"product_tag":[12560],"_links":{"self":[{"href":"https:\/\/hemlinegreen.htl.whale-castle.com\/de\/wp-json\/wp\/v2\/product\/18832"}],"collection":[{"href":"https:\/\/hemlinegreen.htl.whale-castle.com\/de\/wp-json\/wp\/v2\/product"}],"about":[{"href":"https:\/\/hemlinegreen.htl.whale-castle.com\/de\/wp-json\/wp\/v2\/types\/product"}],"wp:featuredmedia":[{"embeddable":true,"href":"https:\/\/hemlinegreen.htl.whale-castle.com\/de\/wp-json\/wp\/v2\/media\/14663"}],"wp:attachment":[{"href":"https:\/\/hemlinegreen.htl.whale-castle.com\/de\/wp-json\/wp\/v2\/media?parent=18832"}],"wp:term":[{"taxonomy":"product_cat","embeddable":true,"href":"https:\/\/hemlinegreen.htl.whale-castle.com\/de\/wp-json\/wp\/v2\/product_cat?post=18832"},{"taxonomy":"product_tag","embeddable":true,"href":"https:\/\/hemlinegreen.htl.whale-castle.com\/de\/wp-json\/wp\/v2\/product_tag?post=18832"}],"curies":[{"name":"wp","href":"https:\/\/api.w.org\/{rel}","templated":true}]}}