{"id":18831,"date":"2023-01-27T18:10:08","date_gmt":"2023-01-27T10:10:08","guid":{"rendered":"https:\/\/hemlinegreen.htl.whale-castle.com\/de\/product\/standard-klinge-rollschneider-2\/"},"modified":"2023-01-30T15:54:25","modified_gmt":"2023-01-30T07:54:25","slug":"standard-klinge-rollschneider-2","status":"publish","type":"product","link":"https:\/\/hemlinegreen.htl.whale-castle.com\/de\/product\/standard-klinge-rollschneider-2\/","title":{"rendered":"Standard Klinge Rollschneider"},"content":{"rendered":"<p>Geliefert in einem Sicherheitsbeh\u00e4lter aus Kunststoff. Premium Qualit\u00e4t. Diese Klingen sind Premium-Qualit\u00e4t mit fein geschliffenem geh\u00e4rtetem Stahl f\u00fcr \u00fcberlegene Sch\u00e4rfe und l\u00e4ngere Lebensdauer. 45 mm Standard Klinge. Kann auf Stoffen oder Papier verwendet werden.<\/p>\n","protected":false},"excerpt":{"rendered":"<p>Geliefert in einem Sicherheitsbeh\u00e4lter aus Kunststoff. Premium Qualit\u00e4t. Diese Klingen sind Premium-Qualit\u00e4t mit fein geschliffenem geh\u00e4rtetem Stahl f\u00fcr \u00fcberlegene Sch\u00e4rfe und l\u00e4ngere Lebensdauer. 45 mm Standard Klinge. Kann auf Stoffen oder Papier verwendet werden.<\/p>\n","protected":false},"featured_media":14661,"template":"","meta":{"_mi_skip_tracking":false},"product_cat":[12559],"product_tag":[12558],"_links":{"self":[{"href":"https:\/\/hemlinegreen.htl.whale-castle.com\/de\/wp-json\/wp\/v2\/product\/18831"}],"collection":[{"href":"https:\/\/hemlinegreen.htl.whale-castle.com\/de\/wp-json\/wp\/v2\/product"}],"about":[{"href":"https:\/\/hemlinegreen.htl.whale-castle.com\/de\/wp-json\/wp\/v2\/types\/product"}],"wp:featuredmedia":[{"embeddable":true,"href":"https:\/\/hemlinegreen.htl.whale-castle.com\/de\/wp-json\/wp\/v2\/media\/14661"}],"wp:attachment":[{"href":"https:\/\/hemlinegreen.htl.whale-castle.com\/de\/wp-json\/wp\/v2\/media?parent=18831"}],"wp:term":[{"taxonomy":"product_cat","embeddable":true,"href":"https:\/\/hemlinegreen.htl.whale-castle.com\/de\/wp-json\/wp\/v2\/product_cat?post=18831"},{"taxonomy":"product_tag","embeddable":true,"href":"https:\/\/hemlinegreen.htl.whale-castle.com\/de\/wp-json\/wp\/v2\/product_tag?post=18831"}],"curies":[{"name":"wp","href":"https:\/\/api.w.org\/{rel}","templated":true}]}}