{"id":18828,"date":"2023-01-27T18:10:07","date_gmt":"2023-01-27T10:10:07","guid":{"rendered":"https:\/\/hemlinegreen.htl.whale-castle.com\/de\/product\/faltbare-schneideunterlage\/"},"modified":"2023-01-30T15:54:25","modified_gmt":"2023-01-30T07:54:25","slug":"faltbare-schneideunterlage","status":"publish","type":"product","link":"https:\/\/hemlinegreen.htl.whale-castle.com\/de\/product\/faltbare-schneideunterlage\/","title":{"rendered":"Faltbare Schneideunterlage"},"content":{"rendered":"<p> 600 mm x 450m \/24\u201d x 18 \u201c. Ideal zum N\u00e4hen, Patchwork und Papierarbeiten.  Langlebig. Leicht ablesbare Ma\u00dfangaben. Drei Schichten mit weicher matter Oberfl\u00e4che. Faltbar. Halten Sie die Schneidematte von direkter Sonneneinstrahlung und Hitze fern. Schneidematte flach lagern oder aufh\u00e4ngen.<\/p>\n","protected":false},"excerpt":{"rendered":"<p>600 mm x 450m \/24\u201d x 18 \u201c. Ideal zum N\u00e4hen, Patchwork und Papierarbeiten. Langlebig. Leicht ablesbare Ma\u00dfangaben. Drei Schichten mit weicher matter Oberfl\u00e4che. Faltbar. Halten Sie die Schneidematte von direkter Sonneneinstrahlung und Hitze fern. Schneidematte flach lagern oder aufh\u00e4ngen.<\/p>\n","protected":false},"featured_media":14655,"template":"","meta":{"_mi_skip_tracking":false},"product_cat":[12554],"product_tag":[12555],"_links":{"self":[{"href":"https:\/\/hemlinegreen.htl.whale-castle.com\/de\/wp-json\/wp\/v2\/product\/18828"}],"collection":[{"href":"https:\/\/hemlinegreen.htl.whale-castle.com\/de\/wp-json\/wp\/v2\/product"}],"about":[{"href":"https:\/\/hemlinegreen.htl.whale-castle.com\/de\/wp-json\/wp\/v2\/types\/product"}],"wp:featuredmedia":[{"embeddable":true,"href":"https:\/\/hemlinegreen.htl.whale-castle.com\/de\/wp-json\/wp\/v2\/media\/14655"}],"wp:attachment":[{"href":"https:\/\/hemlinegreen.htl.whale-castle.com\/de\/wp-json\/wp\/v2\/media?parent=18828"}],"wp:term":[{"taxonomy":"product_cat","embeddable":true,"href":"https:\/\/hemlinegreen.htl.whale-castle.com\/de\/wp-json\/wp\/v2\/product_cat?post=18828"},{"taxonomy":"product_tag","embeddable":true,"href":"https:\/\/hemlinegreen.htl.whale-castle.com\/de\/wp-json\/wp\/v2\/product_tag?post=18828"}],"curies":[{"name":"wp","href":"https:\/\/api.w.org\/{rel}","templated":true}]}}