{"id":18826,"date":"2023-01-27T18:10:06","date_gmt":"2023-01-27T10:10:06","guid":{"rendered":"https:\/\/hemlinegreen.htl.whale-castle.com\/de\/product\/schneideunterlage\/"},"modified":"2023-01-30T15:54:24","modified_gmt":"2023-01-30T07:54:24","slug":"schneideunterlage","status":"publish","type":"product","link":"https:\/\/hemlinegreen.htl.whale-castle.com\/de\/product\/schneideunterlage\/","title":{"rendered":"Schneideunterlage"},"content":{"rendered":"<p>Beidseitig. Unterlage: 36\u201d x 24\u201d \/ 914 mm x 609 mm. Raster: 35\u201d x 23\u201d \/ 880 mm x 589 mm. Ideal zum N\u00e4hen, Patchwork und Papierarbeiten. Langlebig. Leicht ablesbare Ma\u00dfangaben. F\u00fcnf Schichten mit weicher matter Oberfl\u00e4che. Einfache Aufbewahrung. Halten Sie die Schneidematte von direkter Sonneneinstrahlung und Hitze fern. Schneidematte flach lagern oder aufh\u00e4ngen.<\/p>\n","protected":false},"excerpt":{"rendered":"<p>Beidseitig. Unterlage: 36\u201d x 24\u201d \/ 914 mm x 609 mm. Raster: 35\u201d x 23\u201d \/ 880 mm x 589 mm. Ideal zum N\u00e4hen, Patchwork und Papierarbeiten. Langlebig. Leicht ablesbare Ma\u00dfangaben. F\u00fcnf Schichten mit weicher matter Oberfl\u00e4che. Einfache Aufbewahrung. Halten Sie die Schneidematte von direkter Sonneneinstrahlung und Hitze fern. Schneidematte flach lagern oder aufh\u00e4ngen.<\/p>\n","protected":false},"featured_media":14651,"template":"","meta":{"_mi_skip_tracking":false},"product_cat":[12554],"product_tag":[12553],"_links":{"self":[{"href":"https:\/\/hemlinegreen.htl.whale-castle.com\/de\/wp-json\/wp\/v2\/product\/18826"}],"collection":[{"href":"https:\/\/hemlinegreen.htl.whale-castle.com\/de\/wp-json\/wp\/v2\/product"}],"about":[{"href":"https:\/\/hemlinegreen.htl.whale-castle.com\/de\/wp-json\/wp\/v2\/types\/product"}],"wp:featuredmedia":[{"embeddable":true,"href":"https:\/\/hemlinegreen.htl.whale-castle.com\/de\/wp-json\/wp\/v2\/media\/14651"}],"wp:attachment":[{"href":"https:\/\/hemlinegreen.htl.whale-castle.com\/de\/wp-json\/wp\/v2\/media?parent=18826"}],"wp:term":[{"taxonomy":"product_cat","embeddable":true,"href":"https:\/\/hemlinegreen.htl.whale-castle.com\/de\/wp-json\/wp\/v2\/product_cat?post=18826"},{"taxonomy":"product_tag","embeddable":true,"href":"https:\/\/hemlinegreen.htl.whale-castle.com\/de\/wp-json\/wp\/v2\/product_tag?post=18826"}],"curies":[{"name":"wp","href":"https:\/\/api.w.org\/{rel}","templated":true}]}}