{"id":18821,"date":"2023-01-27T18:10:03","date_gmt":"2023-01-27T10:10:03","guid":{"rendered":"https:\/\/hemlinegreen.htl.whale-castle.com\/de\/product\/mini-teppichmesser\/"},"modified":"2023-01-30T15:54:23","modified_gmt":"2023-01-30T07:54:23","slug":"mini-teppichmesser","status":"publish","type":"product","link":"https:\/\/hemlinegreen.htl.whale-castle.com\/de\/product\/mini-teppichmesser\/","title":{"rendered":"Mini Teppichmesser"},"content":{"rendered":"<p>Mini-Cutter mit scharfer Klinge. Einziehbare Klinge zur sicheren Aufbewahrung. Ideal f\u00fcr Kunst, Handwerk und Hobby. Gro\u00dfe Schl\u00fcsselanh\u00e4ngerschlaufe zum Aufh\u00e4ngen von Umh\u00e4ngeb\u00e4ndern. Farben: Blau, Pink.<\/p>\n","protected":false},"excerpt":{"rendered":"<p>Mini-Cutter mit scharfer Klinge. Einziehbare Klinge zur sicheren Aufbewahrung. Ideal f\u00fcr Kunst, Handwerk und Hobby. Gro\u00dfe Schl\u00fcsselanh\u00e4ngerschlaufe zum Aufh\u00e4ngen von Umh\u00e4ngeb\u00e4ndern. Farben: Blau, Pink.<\/p>\n","protected":false},"featured_media":14729,"template":"","meta":{"_mi_skip_tracking":false},"product_cat":[12549],"product_tag":[12548],"_links":{"self":[{"href":"https:\/\/hemlinegreen.htl.whale-castle.com\/de\/wp-json\/wp\/v2\/product\/18821"}],"collection":[{"href":"https:\/\/hemlinegreen.htl.whale-castle.com\/de\/wp-json\/wp\/v2\/product"}],"about":[{"href":"https:\/\/hemlinegreen.htl.whale-castle.com\/de\/wp-json\/wp\/v2\/types\/product"}],"wp:featuredmedia":[{"embeddable":true,"href":"https:\/\/hemlinegreen.htl.whale-castle.com\/de\/wp-json\/wp\/v2\/media\/14729"}],"wp:attachment":[{"href":"https:\/\/hemlinegreen.htl.whale-castle.com\/de\/wp-json\/wp\/v2\/media?parent=18821"}],"wp:term":[{"taxonomy":"product_cat","embeddable":true,"href":"https:\/\/hemlinegreen.htl.whale-castle.com\/de\/wp-json\/wp\/v2\/product_cat?post=18821"},{"taxonomy":"product_tag","embeddable":true,"href":"https:\/\/hemlinegreen.htl.whale-castle.com\/de\/wp-json\/wp\/v2\/product_tag?post=18821"}],"curies":[{"name":"wp","href":"https:\/\/api.w.org\/{rel}","templated":true}]}}