{"id":18820,"date":"2023-01-27T18:10:02","date_gmt":"2023-01-27T10:10:02","guid":{"rendered":"https:\/\/hemlinegreen.htl.whale-castle.com\/de\/product\/masband-3\/"},"modified":"2023-01-30T15:54:23","modified_gmt":"2023-01-30T07:54:23","slug":"masband-3","status":"publish","type":"product","link":"https:\/\/hemlinegreen.htl.whale-castle.com\/de\/product\/masband-3\/","title":{"rendered":"Ma\u00dfband"},"content":{"rendered":"<p>Handliches Ma\u00dfband aus Glasfaser. Imperiale und metrische Ma\u00dfe 150cm \/ 60\u201d. 15 mm \/ 0,6 Zoll breit. Individueller Barcode.<\/p>\n","protected":false},"excerpt":{"rendered":"<p>Handliches Ma\u00dfband aus Glasfaser. Imperiale und metrische Ma\u00dfe 150cm \/ 60\u201d. 15 mm \/ 0,6 Zoll breit. Individueller Barcode.<\/p>\n","protected":false},"featured_media":14727,"template":"","meta":{"_mi_skip_tracking":false},"product_cat":[12547],"product_tag":[12257],"_links":{"self":[{"href":"https:\/\/hemlinegreen.htl.whale-castle.com\/de\/wp-json\/wp\/v2\/product\/18820"}],"collection":[{"href":"https:\/\/hemlinegreen.htl.whale-castle.com\/de\/wp-json\/wp\/v2\/product"}],"about":[{"href":"https:\/\/hemlinegreen.htl.whale-castle.com\/de\/wp-json\/wp\/v2\/types\/product"}],"wp:featuredmedia":[{"embeddable":true,"href":"https:\/\/hemlinegreen.htl.whale-castle.com\/de\/wp-json\/wp\/v2\/media\/14727"}],"wp:attachment":[{"href":"https:\/\/hemlinegreen.htl.whale-castle.com\/de\/wp-json\/wp\/v2\/media?parent=18820"}],"wp:term":[{"taxonomy":"product_cat","embeddable":true,"href":"https:\/\/hemlinegreen.htl.whale-castle.com\/de\/wp-json\/wp\/v2\/product_cat?post=18820"},{"taxonomy":"product_tag","embeddable":true,"href":"https:\/\/hemlinegreen.htl.whale-castle.com\/de\/wp-json\/wp\/v2\/product_tag?post=18820"}],"curies":[{"name":"wp","href":"https:\/\/api.w.org\/{rel}","templated":true}]}}