{"id":18819,"date":"2023-01-27T18:10:01","date_gmt":"2023-01-27T10:10:01","guid":{"rendered":"https:\/\/hemlinegreen.htl.whale-castle.com\/de\/product\/wasserloslicher-markierstift-3\/"},"modified":"2023-01-30T15:54:23","modified_gmt":"2023-01-30T07:54:23","slug":"wasserloslicher-markierstift-3","status":"publish","type":"product","link":"https:\/\/hemlinegreen.htl.whale-castle.com\/de\/product\/wasserloslicher-markierstift-3\/","title":{"rendered":"Wasserl\u00f6slicher Markierstift"},"content":{"rendered":"<p>Wasserl\u00f6slicher Markierstift im Thekendisplay. 3 mm ungiftige Bleistiftmine. Leicht mit feuchtem Tuch oder<br \/>\nKaltw\u00e4sche zu entfernen. Der einfach zu bedienende Drehzylinder kann den Bleistift auf die gew\u00fcnschten<br \/>\nL\u00e4nge verl\u00e4ngern. Ziehen Sie die Bleistiftmine nach Gebrauch unbesorgt zur\u00fcck. Perfekt f\u00fcr pr\u00e4zise Markierungen zum N\u00e4hen, Basteln und Patchwork. F\u00fcr die meisten farbigen Stoffe geeignet. Blau x 30 Stk. und Wei\u00df x 30 Stk.<\/p>\n","protected":false},"excerpt":{"rendered":"<p>Wasserl\u00f6slicher Markierstift im Thekendisplay. 3 mm ungiftige Bleistiftmine. Leicht mit feuchtem Tuch oder Kaltw\u00e4sche zu entfernen. Der einfach zu bedienende Drehzylinder kann den Bleistift auf die gew\u00fcnschten L\u00e4nge verl\u00e4ngern. Ziehen Sie die Bleistiftmine nach Gebrauch unbesorgt zur\u00fcck. Perfekt f\u00fcr pr\u00e4zise Markierungen zum N\u00e4hen, Basteln und Patchwork. F\u00fcr die meisten farbigen Stoffe geeignet. Blau x 30 &hellip; <br \/><a href=\"https:\/\/hemlinegreen.htl.whale-castle.com\/de\/product\/wasserloslicher-markierstift-3\/\" class=\"more-link\">Continue reading <span class=\"screen-reader-text\">Wasserl\u00f6slicher Markierstift<\/span><\/a><\/p>\n","protected":false},"featured_media":14725,"template":"","meta":{"_mi_skip_tracking":false},"product_cat":[12544],"product_tag":[12457],"_links":{"self":[{"href":"https:\/\/hemlinegreen.htl.whale-castle.com\/de\/wp-json\/wp\/v2\/product\/18819"}],"collection":[{"href":"https:\/\/hemlinegreen.htl.whale-castle.com\/de\/wp-json\/wp\/v2\/product"}],"about":[{"href":"https:\/\/hemlinegreen.htl.whale-castle.com\/de\/wp-json\/wp\/v2\/types\/product"}],"wp:featuredmedia":[{"embeddable":true,"href":"https:\/\/hemlinegreen.htl.whale-castle.com\/de\/wp-json\/wp\/v2\/media\/14725"}],"wp:attachment":[{"href":"https:\/\/hemlinegreen.htl.whale-castle.com\/de\/wp-json\/wp\/v2\/media?parent=18819"}],"wp:term":[{"taxonomy":"product_cat","embeddable":true,"href":"https:\/\/hemlinegreen.htl.whale-castle.com\/de\/wp-json\/wp\/v2\/product_cat?post=18819"},{"taxonomy":"product_tag","embeddable":true,"href":"https:\/\/hemlinegreen.htl.whale-castle.com\/de\/wp-json\/wp\/v2\/product_tag?post=18819"}],"curies":[{"name":"wp","href":"https:\/\/api.w.org\/{rel}","templated":true}]}}