{"id":18818,"date":"2023-01-27T18:10:01","date_gmt":"2023-01-27T10:10:01","guid":{"rendered":"https:\/\/hemlinegreen.htl.whale-castle.com\/de\/product\/mini-einziehbares-masband\/"},"modified":"2023-01-30T15:54:23","modified_gmt":"2023-01-30T07:54:23","slug":"mini-einziehbares-masband","status":"publish","type":"product","link":"https:\/\/hemlinegreen.htl.whale-castle.com\/de\/product\/mini-einziehbares-masband\/","title":{"rendered":"Mini Einziehbares Ma\u00dfband"},"content":{"rendered":"<p>Einziehbares Ma\u00dfband aus Fiberglas mit Schl\u00fcsselanh\u00e4nger. Imperial und metrisch Ma\u00dfe in 150cm \/ 60\u201d. Verf\u00fcgt \u00fcber eine Hochleistungsfeder Mechanismus f\u00fcr extra St\u00e4rke und Haltbarkeit. Kompakte Gr\u00f6\u00dfe, nur 4 cm (1,5 Zoll) im Durchmesser. Mit praktischem Schl\u00fcsselring. Farben: Pink, Gelb,Blau, Gr\u00fcn.<\/p>\n","protected":false},"excerpt":{"rendered":"<p>Einziehbares Ma\u00dfband aus Fiberglas mit Schl\u00fcsselanh\u00e4nger. Imperial und metrisch Ma\u00dfe in 150cm \/ 60\u201d. Verf\u00fcgt \u00fcber eine Hochleistungsfeder Mechanismus f\u00fcr extra St\u00e4rke und Haltbarkeit. Kompakte Gr\u00f6\u00dfe, nur 4 cm (1,5 Zoll) im Durchmesser. Mit praktischem Schl\u00fcsselring. Farben: Pink, Gelb,Blau, Gr\u00fcn.<\/p>\n","protected":false},"featured_media":14723,"template":"","meta":{"_mi_skip_tracking":false},"product_cat":[12546],"product_tag":[12545],"_links":{"self":[{"href":"https:\/\/hemlinegreen.htl.whale-castle.com\/de\/wp-json\/wp\/v2\/product\/18818"}],"collection":[{"href":"https:\/\/hemlinegreen.htl.whale-castle.com\/de\/wp-json\/wp\/v2\/product"}],"about":[{"href":"https:\/\/hemlinegreen.htl.whale-castle.com\/de\/wp-json\/wp\/v2\/types\/product"}],"wp:featuredmedia":[{"embeddable":true,"href":"https:\/\/hemlinegreen.htl.whale-castle.com\/de\/wp-json\/wp\/v2\/media\/14723"}],"wp:attachment":[{"href":"https:\/\/hemlinegreen.htl.whale-castle.com\/de\/wp-json\/wp\/v2\/media?parent=18818"}],"wp:term":[{"taxonomy":"product_cat","embeddable":true,"href":"https:\/\/hemlinegreen.htl.whale-castle.com\/de\/wp-json\/wp\/v2\/product_cat?post=18818"},{"taxonomy":"product_tag","embeddable":true,"href":"https:\/\/hemlinegreen.htl.whale-castle.com\/de\/wp-json\/wp\/v2\/product_tag?post=18818"}],"curies":[{"name":"wp","href":"https:\/\/api.w.org\/{rel}","templated":true}]}}