{"id":18817,"date":"2023-01-27T18:10:00","date_gmt":"2023-01-27T10:10:00","guid":{"rendered":"https:\/\/hemlinegreen.htl.whale-castle.com\/de\/product\/kolibri-nadeleinfadler\/"},"modified":"2023-01-30T15:54:22","modified_gmt":"2023-01-30T07:54:22","slug":"kolibri-nadeleinfadler","status":"publish","type":"product","link":"https:\/\/hemlinegreen.htl.whale-castle.com\/de\/product\/kolibri-nadeleinfadler\/","title":{"rendered":"Kolibri-Nadeleinf\u00e4dler"},"content":{"rendered":"<p>Nadeleinf\u00e4dler f\u00fcr allgemeine Handnadeln. Neuartiges Design im Kolibri-Stil. Aufklappbare Abdeckung zum Schutz des Nadeleinf\u00e4dlers aus Metall. Eingebauter Schl\u00fcsselbandschlitz bietet eine Aufh\u00e4ngeoption. Einfaches Einf\u00e4deln und Schneiden mit dem angebrachten Fadenschneider. Leicht verst\u00e4ndliche Anleitung auf der Verpackung. Farben: Blau, Gr\u00fcn, Lila.<\/p>\n","protected":false},"excerpt":{"rendered":"<p>Nadeleinf\u00e4dler f\u00fcr allgemeine Handnadeln. Neuartiges Design im Kolibri-Stil. Aufklappbare Abdeckung zum Schutz des Nadeleinf\u00e4dlers aus Metall. Eingebauter Schl\u00fcsselbandschlitz bietet eine Aufh\u00e4ngeoption. Einfaches Einf\u00e4deln und Schneiden mit dem angebrachten Fadenschneider. Leicht verst\u00e4ndliche Anleitung auf der Verpackung. Farben: Blau, Gr\u00fcn, Lila.<\/p>\n","protected":false},"featured_media":14721,"template":"","meta":{"_mi_skip_tracking":false},"product_cat":[12544],"product_tag":[12543],"_links":{"self":[{"href":"https:\/\/hemlinegreen.htl.whale-castle.com\/de\/wp-json\/wp\/v2\/product\/18817"}],"collection":[{"href":"https:\/\/hemlinegreen.htl.whale-castle.com\/de\/wp-json\/wp\/v2\/product"}],"about":[{"href":"https:\/\/hemlinegreen.htl.whale-castle.com\/de\/wp-json\/wp\/v2\/types\/product"}],"wp:featuredmedia":[{"embeddable":true,"href":"https:\/\/hemlinegreen.htl.whale-castle.com\/de\/wp-json\/wp\/v2\/media\/14721"}],"wp:attachment":[{"href":"https:\/\/hemlinegreen.htl.whale-castle.com\/de\/wp-json\/wp\/v2\/media?parent=18817"}],"wp:term":[{"taxonomy":"product_cat","embeddable":true,"href":"https:\/\/hemlinegreen.htl.whale-castle.com\/de\/wp-json\/wp\/v2\/product_cat?post=18817"},{"taxonomy":"product_tag","embeddable":true,"href":"https:\/\/hemlinegreen.htl.whale-castle.com\/de\/wp-json\/wp\/v2\/product_tag?post=18817"}],"curies":[{"name":"wp","href":"https:\/\/api.w.org\/{rel}","templated":true}]}}