{"id":18816,"date":"2023-01-27T18:10:00","date_gmt":"2023-01-27T10:10:00","guid":{"rendered":"https:\/\/hemlinegreen.htl.whale-castle.com\/de\/product\/fingerhut\/"},"modified":"2023-01-30T15:54:22","modified_gmt":"2023-01-30T07:54:22","slug":"fingerhut","status":"publish","type":"product","link":"https:\/\/hemlinegreen.htl.whale-castle.com\/de\/product\/fingerhut\/","title":{"rendered":"Fingerhut"},"content":{"rendered":"<p>In 5 verschiedenen Gr\u00f6\u00dfen &#8211; 14, 15, 16, 17, 18. Weiche Haptik und leicht biegsam f\u00fcr unterschiedliche Fingergr\u00f6\u00dfen. Super dickes Gummi an der Spitze macht diese Fingerh\u00fcte leicht, bequem und sch\u00fctzend. Farben: Gr\u00fcn, Blau, Orange, Pink, Gelb.<\/p>\n","protected":false},"excerpt":{"rendered":"<p>In 5 verschiedenen Gr\u00f6\u00dfen &#8211; 14, 15, 16, 17, 18. Weiche Haptik und leicht biegsam f\u00fcr unterschiedliche Fingergr\u00f6\u00dfen. Super dickes Gummi an der Spitze macht diese Fingerh\u00fcte leicht, bequem und sch\u00fctzend. Farben: Gr\u00fcn, Blau, Orange, Pink, Gelb.<\/p>\n","protected":false},"featured_media":14719,"template":"","meta":{"_mi_skip_tracking":false},"product_cat":[12542],"product_tag":[12461],"_links":{"self":[{"href":"https:\/\/hemlinegreen.htl.whale-castle.com\/de\/wp-json\/wp\/v2\/product\/18816"}],"collection":[{"href":"https:\/\/hemlinegreen.htl.whale-castle.com\/de\/wp-json\/wp\/v2\/product"}],"about":[{"href":"https:\/\/hemlinegreen.htl.whale-castle.com\/de\/wp-json\/wp\/v2\/types\/product"}],"wp:featuredmedia":[{"embeddable":true,"href":"https:\/\/hemlinegreen.htl.whale-castle.com\/de\/wp-json\/wp\/v2\/media\/14719"}],"wp:attachment":[{"href":"https:\/\/hemlinegreen.htl.whale-castle.com\/de\/wp-json\/wp\/v2\/media?parent=18816"}],"wp:term":[{"taxonomy":"product_cat","embeddable":true,"href":"https:\/\/hemlinegreen.htl.whale-castle.com\/de\/wp-json\/wp\/v2\/product_cat?post=18816"},{"taxonomy":"product_tag","embeddable":true,"href":"https:\/\/hemlinegreen.htl.whale-castle.com\/de\/wp-json\/wp\/v2\/product_tag?post=18816"}],"curies":[{"name":"wp","href":"https:\/\/api.w.org\/{rel}","templated":true}]}}