{"id":18815,"date":"2023-01-27T18:10:00","date_gmt":"2023-01-27T10:10:00","guid":{"rendered":"https:\/\/hemlinegreen.htl.whale-castle.com\/de\/product\/super-snips-mini-mini-teppichmesser\/"},"modified":"2023-01-30T15:54:22","modified_gmt":"2023-01-30T07:54:22","slug":"super-snips-mini-mini-teppichmesser","status":"publish","type":"product","link":"https:\/\/hemlinegreen.htl.whale-castle.com\/de\/product\/super-snips-mini-mini-teppichmesser\/","title":{"rendered":"Super Snips Mini Mini Teppichmesser"},"content":{"rendered":"<p>6,4 cm \/ 2,5 Zoll Super-Mini-Schere. Schere in Miniaturgr\u00f6\u00dfe, die Spa\u00df macht und sicher ist. Hochwertige, scharfe kleine Schere. Perfekt f\u00fcr die Handtasche oder Schl\u00fcsselbund. Mit Schutzkappe. Farben: Pink, Gr\u00fcn, Gelb.<\/p>\n","protected":false},"excerpt":{"rendered":"<p>6,4 cm \/ 2,5 Zoll Super-Mini-Schere. Schere in Miniaturgr\u00f6\u00dfe, die Spa\u00df macht und sicher ist. Hochwertige, scharfe kleine Schere. Perfekt f\u00fcr die Handtasche oder Schl\u00fcsselbund. Mit Schutzkappe. Farben: Pink, Gr\u00fcn, Gelb.<\/p>\n","protected":false},"featured_media":14717,"template":"","meta":{"_mi_skip_tracking":false},"product_cat":[12541],"product_tag":[12540],"_links":{"self":[{"href":"https:\/\/hemlinegreen.htl.whale-castle.com\/de\/wp-json\/wp\/v2\/product\/18815"}],"collection":[{"href":"https:\/\/hemlinegreen.htl.whale-castle.com\/de\/wp-json\/wp\/v2\/product"}],"about":[{"href":"https:\/\/hemlinegreen.htl.whale-castle.com\/de\/wp-json\/wp\/v2\/types\/product"}],"wp:featuredmedia":[{"embeddable":true,"href":"https:\/\/hemlinegreen.htl.whale-castle.com\/de\/wp-json\/wp\/v2\/media\/14717"}],"wp:attachment":[{"href":"https:\/\/hemlinegreen.htl.whale-castle.com\/de\/wp-json\/wp\/v2\/media?parent=18815"}],"wp:term":[{"taxonomy":"product_cat","embeddable":true,"href":"https:\/\/hemlinegreen.htl.whale-castle.com\/de\/wp-json\/wp\/v2\/product_cat?post=18815"},{"taxonomy":"product_tag","embeddable":true,"href":"https:\/\/hemlinegreen.htl.whale-castle.com\/de\/wp-json\/wp\/v2\/product_tag?post=18815"}],"curies":[{"name":"wp","href":"https:\/\/api.w.org\/{rel}","templated":true}]}}