{"id":18814,"date":"2023-01-27T18:09:59","date_gmt":"2023-01-27T10:09:59","guid":{"rendered":"https:\/\/hemlinegreen.htl.whale-castle.com\/de\/product\/mini-seam-fix-2\/"},"modified":"2023-01-30T15:54:22","modified_gmt":"2023-01-30T07:54:22","slug":"mini-seam-fix-2","status":"publish","type":"product","link":"https:\/\/hemlinegreen.htl.whale-castle.com\/de\/product\/mini-seam-fix-2\/","title":{"rendered":"Mini Seam Fix"},"content":{"rendered":"<p>Nahttrenner mit scharfer Klinge, Sicherheitskugel und Deckel. Speziell formuliertes Kunststoffmaterial, greift und entfernt \u00fcbersch\u00fcssige F\u00e4den, ohne am Stoff zu kleben. Innovativer Fadenentferne.<\/p>\n","protected":false},"excerpt":{"rendered":"<p>Nahttrenner mit scharfer Klinge, Sicherheitskugel und Deckel. Speziell formuliertes Kunststoffmaterial, greift und entfernt \u00fcbersch\u00fcssige F\u00e4den, ohne am Stoff zu kleben. Innovativer Fadenentferne.<\/p>\n","protected":false},"featured_media":14715,"template":"","meta":{"_mi_skip_tracking":false},"product_cat":[12539],"product_tag":[12451],"_links":{"self":[{"href":"https:\/\/hemlinegreen.htl.whale-castle.com\/de\/wp-json\/wp\/v2\/product\/18814"}],"collection":[{"href":"https:\/\/hemlinegreen.htl.whale-castle.com\/de\/wp-json\/wp\/v2\/product"}],"about":[{"href":"https:\/\/hemlinegreen.htl.whale-castle.com\/de\/wp-json\/wp\/v2\/types\/product"}],"wp:featuredmedia":[{"embeddable":true,"href":"https:\/\/hemlinegreen.htl.whale-castle.com\/de\/wp-json\/wp\/v2\/media\/14715"}],"wp:attachment":[{"href":"https:\/\/hemlinegreen.htl.whale-castle.com\/de\/wp-json\/wp\/v2\/media?parent=18814"}],"wp:term":[{"taxonomy":"product_cat","embeddable":true,"href":"https:\/\/hemlinegreen.htl.whale-castle.com\/de\/wp-json\/wp\/v2\/product_cat?post=18814"},{"taxonomy":"product_tag","embeddable":true,"href":"https:\/\/hemlinegreen.htl.whale-castle.com\/de\/wp-json\/wp\/v2\/product_tag?post=18814"}],"curies":[{"name":"wp","href":"https:\/\/api.w.org\/{rel}","templated":true}]}}