{"id":18809,"date":"2023-01-27T18:09:50","date_gmt":"2023-01-27T10:09:50","guid":{"rendered":"https:\/\/hemlinegreen.htl.whale-castle.com\/de\/product\/schneiderschere-6\/"},"modified":"2023-01-30T15:54:09","modified_gmt":"2023-01-30T07:54:09","slug":"schneiderschere-6","status":"publish","type":"product","link":"https:\/\/hemlinegreen.htl.whale-castle.com\/de\/product\/schneiderschere-6\/","title":{"rendered":"Schneiderschere"},"content":{"rendered":"<p>24 cm \/ 9,5 Zoll scharfe Klingen aus rostfreiem Stahl. Gro\u00dfe Griffe f\u00fcr bequemes Schneiden. Konzipiert f\u00fcr die Schneiderei. Langlebige Qualit\u00e4t. Farben: Gold, Silber, Mattes Silber,Kupfer.<\/p>\n","protected":false},"excerpt":{"rendered":"<p>24 cm \/ 9,5 Zoll scharfe Klingen aus rostfreiem Stahl. Gro\u00dfe Griffe f\u00fcr bequemes Schneiden. Konzipiert f\u00fcr die Schneiderei. Langlebige Qualit\u00e4t. Farben: Gold, Silber, Mattes Silber,Kupfer.<\/p>\n","protected":false},"featured_media":14713,"template":"","meta":{"_mi_skip_tracking":false},"product_cat":[12534],"product_tag":[12290],"_links":{"self":[{"href":"https:\/\/hemlinegreen.htl.whale-castle.com\/de\/wp-json\/wp\/v2\/product\/18809"}],"collection":[{"href":"https:\/\/hemlinegreen.htl.whale-castle.com\/de\/wp-json\/wp\/v2\/product"}],"about":[{"href":"https:\/\/hemlinegreen.htl.whale-castle.com\/de\/wp-json\/wp\/v2\/types\/product"}],"wp:featuredmedia":[{"embeddable":true,"href":"https:\/\/hemlinegreen.htl.whale-castle.com\/de\/wp-json\/wp\/v2\/media\/14713"}],"wp:attachment":[{"href":"https:\/\/hemlinegreen.htl.whale-castle.com\/de\/wp-json\/wp\/v2\/media?parent=18809"}],"wp:term":[{"taxonomy":"product_cat","embeddable":true,"href":"https:\/\/hemlinegreen.htl.whale-castle.com\/de\/wp-json\/wp\/v2\/product_cat?post=18809"},{"taxonomy":"product_tag","embeddable":true,"href":"https:\/\/hemlinegreen.htl.whale-castle.com\/de\/wp-json\/wp\/v2\/product_tag?post=18809"}],"curies":[{"name":"wp","href":"https:\/\/api.w.org\/{rel}","templated":true}]}}