{"id":18808,"date":"2023-01-27T18:09:49","date_gmt":"2023-01-27T10:09:49","guid":{"rendered":"https:\/\/hemlinegreen.htl.whale-castle.com\/de\/product\/neon-stickschere\/"},"modified":"2023-01-30T15:54:08","modified_gmt":"2023-01-30T07:54:08","slug":"neon-stickschere","status":"publish","type":"product","link":"https:\/\/hemlinegreen.htl.whale-castle.com\/de\/product\/neon-stickschere\/","title":{"rendered":"Neon-Stickschere"},"content":{"rendered":"<p>9,5 cm lange Stickschere mit gerader Klinge. Scharfe und feine Spitze f\u00fcr pr\u00e4zises Schneiden. Hochwertige Edelstahlklingen, ideal zum Schneiden von F\u00e4den, Handarbeitsgarnen usw. Pr\u00e4sentiert in einem durchsichtigen Thekendisplay aus Acryl. Farben: Gr\u00fcn, Pink, Gelb.<\/p>\n","protected":false},"excerpt":{"rendered":"<p>9,5 cm lange Stickschere mit gerader Klinge. Scharfe und feine Spitze f\u00fcr pr\u00e4zises Schneiden. Hochwertige Edelstahlklingen, ideal zum Schneiden von F\u00e4den, Handarbeitsgarnen usw. Pr\u00e4sentiert in einem durchsichtigen Thekendisplay aus Acryl. Farben: Gr\u00fcn, Pink, Gelb.<\/p>\n","protected":false},"featured_media":14711,"template":"","meta":{"_mi_skip_tracking":false},"product_cat":[12533],"product_tag":[12532],"_links":{"self":[{"href":"https:\/\/hemlinegreen.htl.whale-castle.com\/de\/wp-json\/wp\/v2\/product\/18808"}],"collection":[{"href":"https:\/\/hemlinegreen.htl.whale-castle.com\/de\/wp-json\/wp\/v2\/product"}],"about":[{"href":"https:\/\/hemlinegreen.htl.whale-castle.com\/de\/wp-json\/wp\/v2\/types\/product"}],"wp:featuredmedia":[{"embeddable":true,"href":"https:\/\/hemlinegreen.htl.whale-castle.com\/de\/wp-json\/wp\/v2\/media\/14711"}],"wp:attachment":[{"href":"https:\/\/hemlinegreen.htl.whale-castle.com\/de\/wp-json\/wp\/v2\/media?parent=18808"}],"wp:term":[{"taxonomy":"product_cat","embeddable":true,"href":"https:\/\/hemlinegreen.htl.whale-castle.com\/de\/wp-json\/wp\/v2\/product_cat?post=18808"},{"taxonomy":"product_tag","embeddable":true,"href":"https:\/\/hemlinegreen.htl.whale-castle.com\/de\/wp-json\/wp\/v2\/product_tag?post=18808"}],"curies":[{"name":"wp","href":"https:\/\/api.w.org\/{rel}","templated":true}]}}