{"id":18807,"date":"2023-01-27T18:09:49","date_gmt":"2023-01-27T10:09:49","guid":{"rendered":"https:\/\/hemlinegreen.htl.whale-castle.com\/de\/product\/magnetische-saumhilfe\/"},"modified":"2023-01-30T15:54:08","modified_gmt":"2023-01-30T07:54:08","slug":"magnetische-saumhilfe","status":"publish","type":"product","link":"https:\/\/hemlinegreen.htl.whale-castle.com\/de\/product\/magnetische-saumhilfe\/","title":{"rendered":"Magnetische Saumhilfe"},"content":{"rendered":"<p>15 cm lange Metallpinzette im Einhorn-Design. Perfekt f\u00fcr die Verwendung mit Overlock- und N\u00e4hmaschinen. Auch gut f\u00fcr Hobby- und Bastelprojekte. Farben: Koralle\/Gr\u00fcn, Rosa\/Blaugr\u00fcn, Violett\/Rosa.<\/p>\n","protected":false},"excerpt":{"rendered":"<p>15 cm lange Metallpinzette im Einhorn-Design. Perfekt f\u00fcr die Verwendung mit Overlock- und N\u00e4hmaschinen. Auch gut f\u00fcr Hobby- und Bastelprojekte. Farben: Koralle\/Gr\u00fcn, Rosa\/Blaugr\u00fcn, Violett\/Rosa.<\/p>\n","protected":false},"featured_media":14709,"template":"","meta":{"_mi_skip_tracking":false},"product_cat":[12531],"product_tag":[12530],"_links":{"self":[{"href":"https:\/\/hemlinegreen.htl.whale-castle.com\/de\/wp-json\/wp\/v2\/product\/18807"}],"collection":[{"href":"https:\/\/hemlinegreen.htl.whale-castle.com\/de\/wp-json\/wp\/v2\/product"}],"about":[{"href":"https:\/\/hemlinegreen.htl.whale-castle.com\/de\/wp-json\/wp\/v2\/types\/product"}],"wp:featuredmedia":[{"embeddable":true,"href":"https:\/\/hemlinegreen.htl.whale-castle.com\/de\/wp-json\/wp\/v2\/media\/14709"}],"wp:attachment":[{"href":"https:\/\/hemlinegreen.htl.whale-castle.com\/de\/wp-json\/wp\/v2\/media?parent=18807"}],"wp:term":[{"taxonomy":"product_cat","embeddable":true,"href":"https:\/\/hemlinegreen.htl.whale-castle.com\/de\/wp-json\/wp\/v2\/product_cat?post=18807"},{"taxonomy":"product_tag","embeddable":true,"href":"https:\/\/hemlinegreen.htl.whale-castle.com\/de\/wp-json\/wp\/v2\/product_tag?post=18807"}],"curies":[{"name":"wp","href":"https:\/\/api.w.org\/{rel}","templated":true}]}}