{"id":18805,"date":"2023-01-27T18:09:48","date_gmt":"2023-01-27T10:09:48","guid":{"rendered":"https:\/\/hemlinegreen.htl.whale-castle.com\/de\/product\/engel-stickschere\/"},"modified":"2023-01-30T15:54:08","modified_gmt":"2023-01-30T07:54:08","slug":"engel-stickschere","status":"publish","type":"product","link":"https:\/\/hemlinegreen.htl.whale-castle.com\/de\/product\/engel-stickschere\/","title":{"rendered":"Engel-Stickschere"},"content":{"rendered":"<p>10cm \/ 4\u201d Stickschere. Scharfe und feine Spitze f\u00fcr pr\u00e4zises Schneiden. Klingen aus Stahl. Farben: Blau, Gr\u00fcn, Pink, Gelb.<\/p>\n","protected":false},"excerpt":{"rendered":"<p>10cm \/ 4\u201d Stickschere. Scharfe und feine Spitze f\u00fcr pr\u00e4zises Schneiden. Klingen aus Stahl. Farben: Blau, Gr\u00fcn, Pink, Gelb.<\/p>\n","protected":false},"featured_media":14705,"template":"","meta":{"_mi_skip_tracking":false},"product_cat":[12527],"product_tag":[12526],"_links":{"self":[{"href":"https:\/\/hemlinegreen.htl.whale-castle.com\/de\/wp-json\/wp\/v2\/product\/18805"}],"collection":[{"href":"https:\/\/hemlinegreen.htl.whale-castle.com\/de\/wp-json\/wp\/v2\/product"}],"about":[{"href":"https:\/\/hemlinegreen.htl.whale-castle.com\/de\/wp-json\/wp\/v2\/types\/product"}],"wp:featuredmedia":[{"embeddable":true,"href":"https:\/\/hemlinegreen.htl.whale-castle.com\/de\/wp-json\/wp\/v2\/media\/14705"}],"wp:attachment":[{"href":"https:\/\/hemlinegreen.htl.whale-castle.com\/de\/wp-json\/wp\/v2\/media?parent=18805"}],"wp:term":[{"taxonomy":"product_cat","embeddable":true,"href":"https:\/\/hemlinegreen.htl.whale-castle.com\/de\/wp-json\/wp\/v2\/product_cat?post=18805"},{"taxonomy":"product_tag","embeddable":true,"href":"https:\/\/hemlinegreen.htl.whale-castle.com\/de\/wp-json\/wp\/v2\/product_tag?post=18805"}],"curies":[{"name":"wp","href":"https:\/\/api.w.org\/{rel}","templated":true}]}}