{"id":18804,"date":"2023-01-27T18:09:47","date_gmt":"2023-01-27T10:09:47","guid":{"rendered":"https:\/\/hemlinegreen.htl.whale-castle.com\/de\/product\/dual-seam-fix\/"},"modified":"2023-01-30T15:54:08","modified_gmt":"2023-01-30T07:54:08","slug":"dual-seam-fix","status":"publish","type":"product","link":"https:\/\/hemlinegreen.htl.whale-castle.com\/de\/product\/dual-seam-fix\/","title":{"rendered":"Dual Seam Fix"},"content":{"rendered":"<p>Seam-Fix mit zwei Spitzen und Nahttrenner mit gro\u00dfen und kleinen Klingen. Scharfe Klingen mit Sicherheitskugel<br \/>\nund individuellem Deckel. Speziell formuliertes Kunststoffmaterial, greift und entfernt \u00fcbersch\u00fcssige F\u00e4den, ohne am Stoff zu kleben. Innovative extragro\u00dfe. Fadenentferner an beiden Enden. Plastikfreie Verpackung. Farben: Blau, Gr\u00fcn, Pink.<\/p>\n","protected":false},"excerpt":{"rendered":"<p>Seam-Fix mit zwei Spitzen und Nahttrenner mit gro\u00dfen und kleinen Klingen. Scharfe Klingen mit Sicherheitskugel und individuellem Deckel. Speziell formuliertes Kunststoffmaterial, greift und entfernt \u00fcbersch\u00fcssige F\u00e4den, ohne am Stoff zu kleben. Innovative extragro\u00dfe. Fadenentferner an beiden Enden. Plastikfreie Verpackung. Farben: Blau, Gr\u00fcn, Pink.<\/p>\n","protected":false},"featured_media":14703,"template":"","meta":{"_mi_skip_tracking":false},"product_cat":[12525],"product_tag":[12524],"_links":{"self":[{"href":"https:\/\/hemlinegreen.htl.whale-castle.com\/de\/wp-json\/wp\/v2\/product\/18804"}],"collection":[{"href":"https:\/\/hemlinegreen.htl.whale-castle.com\/de\/wp-json\/wp\/v2\/product"}],"about":[{"href":"https:\/\/hemlinegreen.htl.whale-castle.com\/de\/wp-json\/wp\/v2\/types\/product"}],"wp:featuredmedia":[{"embeddable":true,"href":"https:\/\/hemlinegreen.htl.whale-castle.com\/de\/wp-json\/wp\/v2\/media\/14703"}],"wp:attachment":[{"href":"https:\/\/hemlinegreen.htl.whale-castle.com\/de\/wp-json\/wp\/v2\/media?parent=18804"}],"wp:term":[{"taxonomy":"product_cat","embeddable":true,"href":"https:\/\/hemlinegreen.htl.whale-castle.com\/de\/wp-json\/wp\/v2\/product_cat?post=18804"},{"taxonomy":"product_tag","embeddable":true,"href":"https:\/\/hemlinegreen.htl.whale-castle.com\/de\/wp-json\/wp\/v2\/product_tag?post=18804"}],"curies":[{"name":"wp","href":"https:\/\/api.w.org\/{rel}","templated":true}]}}