{"id":18798,"date":"2023-01-27T18:09:45","date_gmt":"2023-01-27T10:09:45","guid":{"rendered":"https:\/\/hemlinegreen.htl.whale-castle.com\/de\/product\/tragerbandhalter-2\/"},"modified":"2023-01-30T15:54:07","modified_gmt":"2023-01-30T07:54:07","slug":"tragerbandhalter-2","status":"publish","type":"product","link":"https:\/\/hemlinegreen.htl.whale-castle.com\/de\/product\/tragerbandhalter-2\/","title":{"rendered":"Tr\u00e4gerbandhalter"},"content":{"rendered":"<p>F\u00fcr \u00e4rmellose Kleidung. Verhindert das Herausschauen von BH-Tr\u00e4gern.<\/p>\n","protected":false},"excerpt":{"rendered":"<p>F\u00fcr \u00e4rmellose Kleidung. Verhindert das Herausschauen von BH-Tr\u00e4gern.<\/p>\n","protected":false},"featured_media":14623,"template":"","meta":{"_mi_skip_tracking":false},"product_cat":[12318],"product_tag":[12516],"_links":{"self":[{"href":"https:\/\/hemlinegreen.htl.whale-castle.com\/de\/wp-json\/wp\/v2\/product\/18798"}],"collection":[{"href":"https:\/\/hemlinegreen.htl.whale-castle.com\/de\/wp-json\/wp\/v2\/product"}],"about":[{"href":"https:\/\/hemlinegreen.htl.whale-castle.com\/de\/wp-json\/wp\/v2\/types\/product"}],"wp:featuredmedia":[{"embeddable":true,"href":"https:\/\/hemlinegreen.htl.whale-castle.com\/de\/wp-json\/wp\/v2\/media\/14623"}],"wp:attachment":[{"href":"https:\/\/hemlinegreen.htl.whale-castle.com\/de\/wp-json\/wp\/v2\/media?parent=18798"}],"wp:term":[{"taxonomy":"product_cat","embeddable":true,"href":"https:\/\/hemlinegreen.htl.whale-castle.com\/de\/wp-json\/wp\/v2\/product_cat?post=18798"},{"taxonomy":"product_tag","embeddable":true,"href":"https:\/\/hemlinegreen.htl.whale-castle.com\/de\/wp-json\/wp\/v2\/product_tag?post=18798"}],"curies":[{"name":"wp","href":"https:\/\/api.w.org\/{rel}","templated":true}]}}