{"id":18796,"date":"2023-01-27T18:09:45","date_gmt":"2023-01-27T10:09:45","guid":{"rendered":"https:\/\/hemlinegreen.htl.whale-castle.com\/de\/product\/knopfe\/"},"modified":"2023-01-30T15:54:06","modified_gmt":"2023-01-30T07:54:06","slug":"knopfe","status":"publish","type":"product","link":"https:\/\/hemlinegreen.htl.whale-castle.com\/de\/product\/knopfe\/","title":{"rendered":"Kn\u00f6pfe"},"content":{"rendered":"<p>Verschiedene Gr\u00f6\u00dfen und Farbe. Praktische Ersatzkn\u00f6pfe f\u00fcr Hemden, Schlafanz\u00fcge etc.<\/p>\n","protected":false},"excerpt":{"rendered":"<p>Verschiedene Gr\u00f6\u00dfen und Farbe. Praktische Ersatzkn\u00f6pfe f\u00fcr Hemden, Schlafanz\u00fcge etc.<\/p>\n","protected":false},"featured_media":14619,"template":"","meta":{"_mi_skip_tracking":false},"product_cat":[12323],"product_tag":[12515],"_links":{"self":[{"href":"https:\/\/hemlinegreen.htl.whale-castle.com\/de\/wp-json\/wp\/v2\/product\/18796"}],"collection":[{"href":"https:\/\/hemlinegreen.htl.whale-castle.com\/de\/wp-json\/wp\/v2\/product"}],"about":[{"href":"https:\/\/hemlinegreen.htl.whale-castle.com\/de\/wp-json\/wp\/v2\/types\/product"}],"wp:featuredmedia":[{"embeddable":true,"href":"https:\/\/hemlinegreen.htl.whale-castle.com\/de\/wp-json\/wp\/v2\/media\/14619"}],"wp:attachment":[{"href":"https:\/\/hemlinegreen.htl.whale-castle.com\/de\/wp-json\/wp\/v2\/media?parent=18796"}],"wp:term":[{"taxonomy":"product_cat","embeddable":true,"href":"https:\/\/hemlinegreen.htl.whale-castle.com\/de\/wp-json\/wp\/v2\/product_cat?post=18796"},{"taxonomy":"product_tag","embeddable":true,"href":"https:\/\/hemlinegreen.htl.whale-castle.com\/de\/wp-json\/wp\/v2\/product_tag?post=18796"}],"curies":[{"name":"wp","href":"https:\/\/api.w.org\/{rel}","templated":true}]}}