{"id":18792,"date":"2023-01-27T18:09:43","date_gmt":"2023-01-27T10:09:43","guid":{"rendered":"https:\/\/hemlinegreen.htl.whale-castle.com\/de\/product\/silikon-bunderweiterung\/"},"modified":"2023-01-30T15:54:06","modified_gmt":"2023-01-30T07:54:06","slug":"silikon-bunderweiterung","status":"publish","type":"product","link":"https:\/\/hemlinegreen.htl.whale-castle.com\/de\/product\/silikon-bunderweiterung\/","title":{"rendered":"Silikon Bunderweiterung"},"content":{"rendered":"<p>Kein N\u00e4hen erforderlich. 2 Gr\u00f6\u00dfenoptionen. Bunderweiterung 2,5 &#8211; 5 cm. Schnell und einfach zu verwenden. 100 % Silikon.<\/p>\n","protected":false},"excerpt":{"rendered":"<p>Kein N\u00e4hen erforderlich. 2 Gr\u00f6\u00dfenoptionen. Bunderweiterung 2,5 &#8211; 5 cm. Schnell und einfach zu verwenden. 100 % Silikon.<\/p>\n","protected":false},"featured_media":14611,"template":"","meta":{"_mi_skip_tracking":false},"product_cat":[12512],"product_tag":[12511],"_links":{"self":[{"href":"https:\/\/hemlinegreen.htl.whale-castle.com\/de\/wp-json\/wp\/v2\/product\/18792"}],"collection":[{"href":"https:\/\/hemlinegreen.htl.whale-castle.com\/de\/wp-json\/wp\/v2\/product"}],"about":[{"href":"https:\/\/hemlinegreen.htl.whale-castle.com\/de\/wp-json\/wp\/v2\/types\/product"}],"wp:featuredmedia":[{"embeddable":true,"href":"https:\/\/hemlinegreen.htl.whale-castle.com\/de\/wp-json\/wp\/v2\/media\/14611"}],"wp:attachment":[{"href":"https:\/\/hemlinegreen.htl.whale-castle.com\/de\/wp-json\/wp\/v2\/media?parent=18792"}],"wp:term":[{"taxonomy":"product_cat","embeddable":true,"href":"https:\/\/hemlinegreen.htl.whale-castle.com\/de\/wp-json\/wp\/v2\/product_cat?post=18792"},{"taxonomy":"product_tag","embeddable":true,"href":"https:\/\/hemlinegreen.htl.whale-castle.com\/de\/wp-json\/wp\/v2\/product_tag?post=18792"}],"curies":[{"name":"wp","href":"https:\/\/api.w.org\/{rel}","templated":true}]}}