{"id":18773,"date":"2023-01-27T18:09:26","date_gmt":"2023-01-27T10:09:26","guid":{"rendered":"https:\/\/hemlinegreen.htl.whale-castle.com\/de\/product\/bunderweiterung-3\/"},"modified":"2023-01-30T15:54:01","modified_gmt":"2023-01-30T07:54:01","slug":"bunderweiterung-3","status":"publish","type":"product","link":"https:\/\/hemlinegreen.htl.whale-castle.com\/de\/product\/bunderweiterung-3\/","title":{"rendered":"Bunderweiterung"},"content":{"rendered":"<p>Passend f\u00fcr Hose und Hemd. Kein N\u00e4hen erforderlich. 100% Baumwolle. Erweitert 2,5 &#8211; 5 cm. Bietet bei Bedarf zus\u00e4tzlichen Platz. Separat mit Waschnetz waschen. Kein N\u00e4hen erforderlich.<\/p>\n","protected":false},"excerpt":{"rendered":"<p>Passend f\u00fcr Hose und Hemd. Kein N\u00e4hen erforderlich. 100% Baumwolle. Erweitert 2,5 &#8211; 5 cm. Bietet bei Bedarf zus\u00e4tzlichen Platz. Separat mit Waschnetz waschen. Kein N\u00e4hen erforderlich.<\/p>\n","protected":false},"featured_media":14573,"template":"","meta":{"_mi_skip_tracking":false},"product_cat":[12501],"product_tag":[12500],"_links":{"self":[{"href":"https:\/\/hemlinegreen.htl.whale-castle.com\/de\/wp-json\/wp\/v2\/product\/18773"}],"collection":[{"href":"https:\/\/hemlinegreen.htl.whale-castle.com\/de\/wp-json\/wp\/v2\/product"}],"about":[{"href":"https:\/\/hemlinegreen.htl.whale-castle.com\/de\/wp-json\/wp\/v2\/types\/product"}],"wp:featuredmedia":[{"embeddable":true,"href":"https:\/\/hemlinegreen.htl.whale-castle.com\/de\/wp-json\/wp\/v2\/media\/14573"}],"wp:attachment":[{"href":"https:\/\/hemlinegreen.htl.whale-castle.com\/de\/wp-json\/wp\/v2\/media?parent=18773"}],"wp:term":[{"taxonomy":"product_cat","embeddable":true,"href":"https:\/\/hemlinegreen.htl.whale-castle.com\/de\/wp-json\/wp\/v2\/product_cat?post=18773"},{"taxonomy":"product_tag","embeddable":true,"href":"https:\/\/hemlinegreen.htl.whale-castle.com\/de\/wp-json\/wp\/v2\/product_tag?post=18773"}],"curies":[{"name":"wp","href":"https:\/\/api.w.org\/{rel}","templated":true}]}}