{"id":18767,"date":"2023-01-27T18:09:24","date_gmt":"2023-01-27T10:09:24","guid":{"rendered":"https:\/\/hemlinegreen.htl.whale-castle.com\/de\/product\/vinyl-patches-3\/"},"modified":"2023-01-30T15:54:01","modified_gmt":"2023-01-30T07:54:01","slug":"vinyl-patches-3","status":"publish","type":"product","link":"https:\/\/hemlinegreen.htl.whale-castle.com\/de\/product\/vinyl-patches-3\/","title":{"rendered":"Vinyl Patches"},"content":{"rendered":"<p>Zum Aufb\u00fcgeln. Vorgestanzte L\u00f6cher f\u00fcr einfaches N\u00e4hen. Waschbar. Langlebig. Zur St\u00e4rkung oder Abdeckung von Ellbogen, Knien oder als dekorative Flicken.<\/p>\n","protected":false},"excerpt":{"rendered":"<p>https:\/\/www.youtube.com\/watch?v=mS1CJv4e7cI<\/p>\n","protected":false},"featured_media":14561,"template":"","meta":{"_mi_skip_tracking":false},"product_cat":[12497],"product_tag":[12496],"_links":{"self":[{"href":"https:\/\/hemlinegreen.htl.whale-castle.com\/de\/wp-json\/wp\/v2\/product\/18767"}],"collection":[{"href":"https:\/\/hemlinegreen.htl.whale-castle.com\/de\/wp-json\/wp\/v2\/product"}],"about":[{"href":"https:\/\/hemlinegreen.htl.whale-castle.com\/de\/wp-json\/wp\/v2\/types\/product"}],"wp:featuredmedia":[{"embeddable":true,"href":"https:\/\/hemlinegreen.htl.whale-castle.com\/de\/wp-json\/wp\/v2\/media\/14561"}],"wp:attachment":[{"href":"https:\/\/hemlinegreen.htl.whale-castle.com\/de\/wp-json\/wp\/v2\/media?parent=18767"}],"wp:term":[{"taxonomy":"product_cat","embeddable":true,"href":"https:\/\/hemlinegreen.htl.whale-castle.com\/de\/wp-json\/wp\/v2\/product_cat?post=18767"},{"taxonomy":"product_tag","embeddable":true,"href":"https:\/\/hemlinegreen.htl.whale-castle.com\/de\/wp-json\/wp\/v2\/product_tag?post=18767"}],"curies":[{"name":"wp","href":"https:\/\/api.w.org\/{rel}","templated":true}]}}