{"id":18760,"date":"2023-01-27T18:09:22","date_gmt":"2023-01-27T10:09:22","guid":{"rendered":"https:\/\/hemlinegreen.htl.whale-castle.com\/de\/product\/flickstoff-2\/"},"modified":"2023-01-30T15:54:00","modified_gmt":"2023-01-30T07:54:00","slug":"flickstoff-2","status":"publish","type":"product","link":"https:\/\/hemlinegreen.htl.whale-castle.com\/de\/product\/flickstoff-2\/","title":{"rendered":"Flickstoff"},"content":{"rendered":"<p>Zum Aufb\u00fcgeln. Zum Reparieren und Dekorieren von: Tischdecken, T-Shirts, Laken, Vorh\u00e4nge, Kissen etc. Nicht f\u00fcr<br \/>\nKunststoff, Nylon und Kunstseide geeignet.<\/p>\n","protected":false},"excerpt":{"rendered":"<p>Zum Aufb\u00fcgeln. Zum Reparieren und Dekorieren von: Tischdecken, T-Shirts, Laken, Vorh\u00e4nge, Kissen etc. Nicht f\u00fcr Kunststoff, Nylon und Kunstseide geeignet.<\/p>\n","protected":false},"featured_media":14547,"template":"","meta":{"_mi_skip_tracking":false},"product_cat":[12495],"product_tag":[12494],"_links":{"self":[{"href":"https:\/\/hemlinegreen.htl.whale-castle.com\/de\/wp-json\/wp\/v2\/product\/18760"}],"collection":[{"href":"https:\/\/hemlinegreen.htl.whale-castle.com\/de\/wp-json\/wp\/v2\/product"}],"about":[{"href":"https:\/\/hemlinegreen.htl.whale-castle.com\/de\/wp-json\/wp\/v2\/types\/product"}],"wp:featuredmedia":[{"embeddable":true,"href":"https:\/\/hemlinegreen.htl.whale-castle.com\/de\/wp-json\/wp\/v2\/media\/14547"}],"wp:attachment":[{"href":"https:\/\/hemlinegreen.htl.whale-castle.com\/de\/wp-json\/wp\/v2\/media?parent=18760"}],"wp:term":[{"taxonomy":"product_cat","embeddable":true,"href":"https:\/\/hemlinegreen.htl.whale-castle.com\/de\/wp-json\/wp\/v2\/product_cat?post=18760"},{"taxonomy":"product_tag","embeddable":true,"href":"https:\/\/hemlinegreen.htl.whale-castle.com\/de\/wp-json\/wp\/v2\/product_tag?post=18760"}],"curies":[{"name":"wp","href":"https:\/\/api.w.org\/{rel}","templated":true}]}}