{"id":18752,"date":"2023-01-27T18:09:19","date_gmt":"2023-01-27T10:09:19","guid":{"rendered":"https:\/\/hemlinegreen.htl.whale-castle.com\/de\/product\/patches-gros-3\/"},"modified":"2023-01-30T15:53:59","modified_gmt":"2023-01-30T07:53:59","slug":"patches-gros-3","status":"publish","type":"product","link":"https:\/\/hemlinegreen.htl.whale-castle.com\/de\/product\/patches-gros-3\/","title":{"rendered":"Patches &#8211; Gro\u00df"},"content":{"rendered":"<p>Zum Aufb\u00fcgeln. Stark und einfach anzuwenden. Zum Verzieren und Ausbessern. Extra Gro\u00df.<\/p>\n","protected":false},"excerpt":{"rendered":"<p>Zum Aufb\u00fcgeln. Stark und einfach anzuwenden. Zum Verzieren und Ausbessern. Extra Gro\u00df.<\/p>\n","protected":false},"featured_media":14531,"template":"","meta":{"_mi_skip_tracking":false},"product_cat":[12492],"product_tag":[12493],"_links":{"self":[{"href":"https:\/\/hemlinegreen.htl.whale-castle.com\/de\/wp-json\/wp\/v2\/product\/18752"}],"collection":[{"href":"https:\/\/hemlinegreen.htl.whale-castle.com\/de\/wp-json\/wp\/v2\/product"}],"about":[{"href":"https:\/\/hemlinegreen.htl.whale-castle.com\/de\/wp-json\/wp\/v2\/types\/product"}],"wp:featuredmedia":[{"embeddable":true,"href":"https:\/\/hemlinegreen.htl.whale-castle.com\/de\/wp-json\/wp\/v2\/media\/14531"}],"wp:attachment":[{"href":"https:\/\/hemlinegreen.htl.whale-castle.com\/de\/wp-json\/wp\/v2\/media?parent=18752"}],"wp:term":[{"taxonomy":"product_cat","embeddable":true,"href":"https:\/\/hemlinegreen.htl.whale-castle.com\/de\/wp-json\/wp\/v2\/product_cat?post=18752"},{"taxonomy":"product_tag","embeddable":true,"href":"https:\/\/hemlinegreen.htl.whale-castle.com\/de\/wp-json\/wp\/v2\/product_tag?post=18752"}],"curies":[{"name":"wp","href":"https:\/\/api.w.org\/{rel}","templated":true}]}}