{"id":18740,"date":"2023-01-27T18:09:08","date_gmt":"2023-01-27T10:09:08","guid":{"rendered":"https:\/\/hemlinegreen.htl.whale-castle.com\/de\/product\/haftverschlussband-2\/"},"modified":"2023-01-30T15:53:55","modified_gmt":"2023-01-30T07:53:55","slug":"haftverschlussband-2","status":"publish","type":"product","link":"https:\/\/hemlinegreen.htl.whale-castle.com\/de\/product\/haftverschlussband-2\/","title":{"rendered":"Haftverschlussband"},"content":{"rendered":"<p>Selbstklebend. Strapazierf\u00e4hig. Geeignet f\u00fcr alle Arten von Anwendungen, bei denen eine schnelle und einfache Befestigung erforderlich ist. Stark und langlebig, rostet nicht und ist komplett einstellbar. Es kann auf Kleidungsst\u00fccke f\u00fcr Verschl\u00fcsse und eine Vielzahl anderer Materialien geklebt werden.<\/p>\n","protected":false},"excerpt":{"rendered":"<p>Selbstklebend. Strapazierf\u00e4hig. Geeignet f\u00fcr alle Arten von Anwendungen, bei denen eine schnelle und einfache Befestigung erforderlich ist. Stark und langlebig, rostet nicht und ist komplett einstellbar. Es kann auf Kleidungsst\u00fccke f\u00fcr Verschl\u00fcsse und eine Vielzahl anderer Materialien geklebt werden.<\/p>\n","protected":false},"featured_media":14507,"template":"","meta":{"_mi_skip_tracking":false},"product_cat":[12355],"product_tag":[12488],"_links":{"self":[{"href":"https:\/\/hemlinegreen.htl.whale-castle.com\/de\/wp-json\/wp\/v2\/product\/18740"}],"collection":[{"href":"https:\/\/hemlinegreen.htl.whale-castle.com\/de\/wp-json\/wp\/v2\/product"}],"about":[{"href":"https:\/\/hemlinegreen.htl.whale-castle.com\/de\/wp-json\/wp\/v2\/types\/product"}],"wp:featuredmedia":[{"embeddable":true,"href":"https:\/\/hemlinegreen.htl.whale-castle.com\/de\/wp-json\/wp\/v2\/media\/14507"}],"wp:attachment":[{"href":"https:\/\/hemlinegreen.htl.whale-castle.com\/de\/wp-json\/wp\/v2\/media?parent=18740"}],"wp:term":[{"taxonomy":"product_cat","embeddable":true,"href":"https:\/\/hemlinegreen.htl.whale-castle.com\/de\/wp-json\/wp\/v2\/product_cat?post=18740"},{"taxonomy":"product_tag","embeddable":true,"href":"https:\/\/hemlinegreen.htl.whale-castle.com\/de\/wp-json\/wp\/v2\/product_tag?post=18740"}],"curies":[{"name":"wp","href":"https:\/\/api.w.org\/{rel}","templated":true}]}}