{"id":18738,"date":"2023-01-27T18:09:07","date_gmt":"2023-01-27T10:09:07","guid":{"rendered":"https:\/\/hemlinegreen.htl.whale-castle.com\/de\/product\/pyjama-elastik\/"},"modified":"2023-01-30T15:53:54","modified_gmt":"2023-01-30T07:53:54","slug":"pyjama-elastik","status":"publish","type":"product","link":"https:\/\/hemlinegreen.htl.whale-castle.com\/de\/product\/pyjama-elastik\/","title":{"rendered":"Pyjama Elastik"},"content":{"rendered":"<p>Weiches elastisches Stretchgewebe. Gewebtes Elastik ist stark und widerstandsf\u00e4hig. Widersteht Rollen und Verdrehen. Wird vielfach f\u00fcr schwere Stoffprojekte verwendet. Sehr beliebt f\u00fcr Hosenbund und \u00e4hnliche Anwendungen.<\/p>\n","protected":false},"excerpt":{"rendered":"<p>Weiches elastisches Stretchgewebe. Gewebtes Elastik ist stark und widerstandsf\u00e4hig. Widersteht Rollen und Verdrehen. Wird vielfach f\u00fcr schwere Stoffprojekte verwendet. Sehr beliebt f\u00fcr Hosenbund und \u00e4hnliche Anwendungen.<\/p>\n","protected":false},"featured_media":14503,"template":"","meta":{"_mi_skip_tracking":false},"product_cat":[12487],"product_tag":[12486],"_links":{"self":[{"href":"https:\/\/hemlinegreen.htl.whale-castle.com\/de\/wp-json\/wp\/v2\/product\/18738"}],"collection":[{"href":"https:\/\/hemlinegreen.htl.whale-castle.com\/de\/wp-json\/wp\/v2\/product"}],"about":[{"href":"https:\/\/hemlinegreen.htl.whale-castle.com\/de\/wp-json\/wp\/v2\/types\/product"}],"wp:featuredmedia":[{"embeddable":true,"href":"https:\/\/hemlinegreen.htl.whale-castle.com\/de\/wp-json\/wp\/v2\/media\/14503"}],"wp:attachment":[{"href":"https:\/\/hemlinegreen.htl.whale-castle.com\/de\/wp-json\/wp\/v2\/media?parent=18738"}],"wp:term":[{"taxonomy":"product_cat","embeddable":true,"href":"https:\/\/hemlinegreen.htl.whale-castle.com\/de\/wp-json\/wp\/v2\/product_cat?post=18738"},{"taxonomy":"product_tag","embeddable":true,"href":"https:\/\/hemlinegreen.htl.whale-castle.com\/de\/wp-json\/wp\/v2\/product_tag?post=18738"}],"curies":[{"name":"wp","href":"https:\/\/api.w.org\/{rel}","templated":true}]}}