{"id":18732,"date":"2023-01-27T18:09:04","date_gmt":"2023-01-27T10:09:04","guid":{"rendered":"https:\/\/hemlinegreen.htl.whale-castle.com\/de\/product\/magnetknopfe-zum-einnahen\/"},"modified":"2023-01-30T15:53:53","modified_gmt":"2023-01-30T07:53:53","slug":"magnetknopfe-zum-einnahen","status":"publish","type":"product","link":"https:\/\/hemlinegreen.htl.whale-castle.com\/de\/product\/magnetknopfe-zum-einnahen\/","title":{"rendered":"Magnetkn\u00f6pfe zum Einn\u00e4hen"},"content":{"rendered":"<p>Zur Befestigung von Geldb\u00f6rsen, Taschen, Kleidungsst\u00fccken und vieles mehr.<\/p>\n","protected":false},"excerpt":{"rendered":"<p>Zur Befestigung von Geldb\u00f6rsen, Taschen, Kleidungsst\u00fccken und vieles mehr.<\/p>\n","protected":false},"featured_media":14491,"template":"","meta":{"_mi_skip_tracking":false},"product_cat":[12323],"product_tag":[12483],"_links":{"self":[{"href":"https:\/\/hemlinegreen.htl.whale-castle.com\/de\/wp-json\/wp\/v2\/product\/18732"}],"collection":[{"href":"https:\/\/hemlinegreen.htl.whale-castle.com\/de\/wp-json\/wp\/v2\/product"}],"about":[{"href":"https:\/\/hemlinegreen.htl.whale-castle.com\/de\/wp-json\/wp\/v2\/types\/product"}],"wp:featuredmedia":[{"embeddable":true,"href":"https:\/\/hemlinegreen.htl.whale-castle.com\/de\/wp-json\/wp\/v2\/media\/14491"}],"wp:attachment":[{"href":"https:\/\/hemlinegreen.htl.whale-castle.com\/de\/wp-json\/wp\/v2\/media?parent=18732"}],"wp:term":[{"taxonomy":"product_cat","embeddable":true,"href":"https:\/\/hemlinegreen.htl.whale-castle.com\/de\/wp-json\/wp\/v2\/product_cat?post=18732"},{"taxonomy":"product_tag","embeddable":true,"href":"https:\/\/hemlinegreen.htl.whale-castle.com\/de\/wp-json\/wp\/v2\/product_tag?post=18732"}],"curies":[{"name":"wp","href":"https:\/\/api.w.org\/{rel}","templated":true}]}}