{"id":18730,"date":"2023-01-27T18:09:03","date_gmt":"2023-01-27T10:09:03","guid":{"rendered":"https:\/\/hemlinegreen.htl.whale-castle.com\/de\/product\/bh-zubehor-2\/"},"modified":"2023-01-30T15:53:53","modified_gmt":"2023-01-30T07:53:53","slug":"bh-zubehor-2","status":"publish","type":"product","link":"https:\/\/hemlinegreen.htl.whale-castle.com\/de\/product\/bh-zubehor-2\/","title":{"rendered":"BH-Zubeh\u00f6r"},"content":{"rendered":"<p>Verschiedene BH-Haken und -Verschl\u00fcsse f\u00fcr 12-mm-BH-Tr\u00e4ger. Transparent f\u00fcr jede Farbe geeignet.<\/p>\n","protected":false},"excerpt":{"rendered":"<p>Verschiedene BH-Haken und -Verschl\u00fcsse f\u00fcr 12-mm-BH-Tr\u00e4ger. Transparent f\u00fcr jede Farbe geeignet.<\/p>\n","protected":false},"featured_media":14487,"template":"","meta":{"_mi_skip_tracking":false},"product_cat":[12318],"product_tag":[12482],"_links":{"self":[{"href":"https:\/\/hemlinegreen.htl.whale-castle.com\/de\/wp-json\/wp\/v2\/product\/18730"}],"collection":[{"href":"https:\/\/hemlinegreen.htl.whale-castle.com\/de\/wp-json\/wp\/v2\/product"}],"about":[{"href":"https:\/\/hemlinegreen.htl.whale-castle.com\/de\/wp-json\/wp\/v2\/types\/product"}],"wp:featuredmedia":[{"embeddable":true,"href":"https:\/\/hemlinegreen.htl.whale-castle.com\/de\/wp-json\/wp\/v2\/media\/14487"}],"wp:attachment":[{"href":"https:\/\/hemlinegreen.htl.whale-castle.com\/de\/wp-json\/wp\/v2\/media?parent=18730"}],"wp:term":[{"taxonomy":"product_cat","embeddable":true,"href":"https:\/\/hemlinegreen.htl.whale-castle.com\/de\/wp-json\/wp\/v2\/product_cat?post=18730"},{"taxonomy":"product_tag","embeddable":true,"href":"https:\/\/hemlinegreen.htl.whale-castle.com\/de\/wp-json\/wp\/v2\/product_tag?post=18730"}],"curies":[{"name":"wp","href":"https:\/\/api.w.org\/{rel}","templated":true}]}}