{"id":18729,"date":"2023-01-27T18:09:02","date_gmt":"2023-01-27T10:09:02","guid":{"rendered":"https:\/\/hemlinegreen.htl.whale-castle.com\/de\/product\/bh-zubehor\/"},"modified":"2023-01-30T15:53:53","modified_gmt":"2023-01-30T07:53:53","slug":"bh-zubehor","status":"publish","type":"product","link":"https:\/\/hemlinegreen.htl.whale-castle.com\/de\/product\/bh-zubehor\/","title":{"rendered":"BH-Zubeh\u00f6r"},"content":{"rendered":"<p>Verschiedene BH-Haken und -Verschl\u00fcsse f\u00fcr 12-mm-BH-Tr\u00e4ger. Transparent f\u00fcr jede Farbe geeignet.<\/p>\n","protected":false},"excerpt":{"rendered":"<p>Verschiedene BH-Haken und -Verschl\u00fcsse f\u00fcr 12-mm-BH-Tr\u00e4ger. Transparent f\u00fcr jede Farbe geeignet.<\/p>\n","protected":false},"featured_media":14485,"template":"","meta":{"_mi_skip_tracking":false},"product_cat":[12318],"product_tag":[12482],"_links":{"self":[{"href":"https:\/\/hemlinegreen.htl.whale-castle.com\/de\/wp-json\/wp\/v2\/product\/18729"}],"collection":[{"href":"https:\/\/hemlinegreen.htl.whale-castle.com\/de\/wp-json\/wp\/v2\/product"}],"about":[{"href":"https:\/\/hemlinegreen.htl.whale-castle.com\/de\/wp-json\/wp\/v2\/types\/product"}],"wp:featuredmedia":[{"embeddable":true,"href":"https:\/\/hemlinegreen.htl.whale-castle.com\/de\/wp-json\/wp\/v2\/media\/14485"}],"wp:attachment":[{"href":"https:\/\/hemlinegreen.htl.whale-castle.com\/de\/wp-json\/wp\/v2\/media?parent=18729"}],"wp:term":[{"taxonomy":"product_cat","embeddable":true,"href":"https:\/\/hemlinegreen.htl.whale-castle.com\/de\/wp-json\/wp\/v2\/product_cat?post=18729"},{"taxonomy":"product_tag","embeddable":true,"href":"https:\/\/hemlinegreen.htl.whale-castle.com\/de\/wp-json\/wp\/v2\/product_tag?post=18729"}],"curies":[{"name":"wp","href":"https:\/\/api.w.org\/{rel}","templated":true}]}}