{"id":18727,"date":"2023-01-27T18:09:01","date_gmt":"2023-01-27T10:09:01","guid":{"rendered":"https:\/\/hemlinegreen.htl.whale-castle.com\/de\/product\/latzhosengarnituren-2\/"},"modified":"2023-01-30T15:53:52","modified_gmt":"2023-01-30T07:53:52","slug":"latzhosengarnituren-2","status":"publish","type":"product","link":"https:\/\/hemlinegreen.htl.whale-castle.com\/de\/product\/latzhosengarnituren-2\/","title":{"rendered":"Latzhosengarnituren"},"content":{"rendered":"<p>Inklusive 2 Jeanskn\u00f6pfen. Geeignet f\u00fcr Latzhosen, Overalls und Sch\u00fcrzen.<\/p>\n","protected":false},"excerpt":{"rendered":"<p>Inklusive 2 Jeanskn\u00f6pfen. Geeignet f\u00fcr Latzhosen, Overalls und Sch\u00fcrzen.<\/p>\n","protected":false},"featured_media":14481,"template":"","meta":{"_mi_skip_tracking":false},"product_cat":[12198],"product_tag":[12481],"_links":{"self":[{"href":"https:\/\/hemlinegreen.htl.whale-castle.com\/de\/wp-json\/wp\/v2\/product\/18727"}],"collection":[{"href":"https:\/\/hemlinegreen.htl.whale-castle.com\/de\/wp-json\/wp\/v2\/product"}],"about":[{"href":"https:\/\/hemlinegreen.htl.whale-castle.com\/de\/wp-json\/wp\/v2\/types\/product"}],"wp:featuredmedia":[{"embeddable":true,"href":"https:\/\/hemlinegreen.htl.whale-castle.com\/de\/wp-json\/wp\/v2\/media\/14481"}],"wp:attachment":[{"href":"https:\/\/hemlinegreen.htl.whale-castle.com\/de\/wp-json\/wp\/v2\/media?parent=18727"}],"wp:term":[{"taxonomy":"product_cat","embeddable":true,"href":"https:\/\/hemlinegreen.htl.whale-castle.com\/de\/wp-json\/wp\/v2\/product_cat?post=18727"},{"taxonomy":"product_tag","embeddable":true,"href":"https:\/\/hemlinegreen.htl.whale-castle.com\/de\/wp-json\/wp\/v2\/product_tag?post=18727"}],"curies":[{"name":"wp","href":"https:\/\/api.w.org\/{rel}","templated":true}]}}