{"id":18714,"date":"2023-01-27T18:08:49","date_gmt":"2023-01-27T10:08:49","guid":{"rendered":"https:\/\/hemlinegreen.htl.whale-castle.com\/de\/product\/magnet-annahknopfe\/"},"modified":"2023-01-30T15:53:50","modified_gmt":"2023-01-30T07:53:50","slug":"magnet-annahknopfe","status":"publish","type":"product","link":"https:\/\/hemlinegreen.htl.whale-castle.com\/de\/product\/magnet-annahknopfe\/","title":{"rendered":"Magnet Ann\u00e4hkn\u00f6pfe"},"content":{"rendered":"<p>Einfache Handhabung, ideal f\u00fcr Taschen, Rucks\u00e4cke, Jacken, Taschenklappen etc. PVC-Abdeckung f\u00fcr einfache<br \/>\nPlatzierung und Befestigung. Maschinell oder von Hand ann\u00e4hen.<\/p>\n","protected":false},"excerpt":{"rendered":"<p>Einfache Handhabung, ideal f\u00fcr Taschen, Rucks\u00e4cke, Jacken, Taschenklappen etc. PVC-Abdeckung f\u00fcr einfache Platzierung und Befestigung. Maschinell oder von Hand ann\u00e4hen.<\/p>\n","protected":false},"featured_media":14455,"template":"","meta":{"_mi_skip_tracking":false},"product_cat":[12323],"product_tag":[12475],"_links":{"self":[{"href":"https:\/\/hemlinegreen.htl.whale-castle.com\/de\/wp-json\/wp\/v2\/product\/18714"}],"collection":[{"href":"https:\/\/hemlinegreen.htl.whale-castle.com\/de\/wp-json\/wp\/v2\/product"}],"about":[{"href":"https:\/\/hemlinegreen.htl.whale-castle.com\/de\/wp-json\/wp\/v2\/types\/product"}],"wp:featuredmedia":[{"embeddable":true,"href":"https:\/\/hemlinegreen.htl.whale-castle.com\/de\/wp-json\/wp\/v2\/media\/14455"}],"wp:attachment":[{"href":"https:\/\/hemlinegreen.htl.whale-castle.com\/de\/wp-json\/wp\/v2\/media?parent=18714"}],"wp:term":[{"taxonomy":"product_cat","embeddable":true,"href":"https:\/\/hemlinegreen.htl.whale-castle.com\/de\/wp-json\/wp\/v2\/product_cat?post=18714"},{"taxonomy":"product_tag","embeddable":true,"href":"https:\/\/hemlinegreen.htl.whale-castle.com\/de\/wp-json\/wp\/v2\/product_tag?post=18714"}],"curies":[{"name":"wp","href":"https:\/\/api.w.org\/{rel}","templated":true}]}}