{"id":18712,"date":"2023-01-27T18:08:48","date_gmt":"2023-01-27T10:08:48","guid":{"rendered":"https:\/\/hemlinegreen.htl.whale-castle.com\/de\/product\/kordelstopper-2\/"},"modified":"2023-01-30T15:53:50","modified_gmt":"2023-01-30T07:53:50","slug":"kordelstopper-2","status":"publish","type":"product","link":"https:\/\/hemlinegreen.htl.whale-castle.com\/de\/product\/kordelstopper-2\/","title":{"rendered":"Kordelstopper"},"content":{"rendered":"<p>Passend f\u00fcr 6 mm Schnur. Geeignet f\u00fcr Anoraks, Pullover, Skijacken und vieles mehr. Zum Sichern von Kordeln an Kleidungsst\u00fccken, z. B. Kordeln durch Kapuzen von Anoraks, Pullovern, Jacken usw. Einfaches Einf\u00fchren der Schnur,<br \/>\nDr\u00fccken des Kolbens zum Niederdr\u00fccken der Feder und \u00d6ffnen der \u00d6ffnung. Einfach und leicht zu bedienen,<br \/>\nmaschinenwaschbar.<\/p>\n","protected":false},"excerpt":{"rendered":"<p>Passend f\u00fcr 6 mm Schnur. Geeignet f\u00fcr Anoraks, Pullover, Skijacken und vieles mehr. Zum Sichern von Kordeln an Kleidungsst\u00fccken, z. B. Kordeln durch Kapuzen von Anoraks, Pullovern, Jacken usw. Einfaches Einf\u00fchren der Schnur, Dr\u00fccken des Kolbens zum Niederdr\u00fccken der Feder und \u00d6ffnen der \u00d6ffnung. Einfach und leicht zu bedienen, maschinenwaschbar.<\/p>\n","protected":false},"featured_media":14451,"template":"","meta":{"_mi_skip_tracking":false},"product_cat":[12318],"product_tag":[12474],"_links":{"self":[{"href":"https:\/\/hemlinegreen.htl.whale-castle.com\/de\/wp-json\/wp\/v2\/product\/18712"}],"collection":[{"href":"https:\/\/hemlinegreen.htl.whale-castle.com\/de\/wp-json\/wp\/v2\/product"}],"about":[{"href":"https:\/\/hemlinegreen.htl.whale-castle.com\/de\/wp-json\/wp\/v2\/types\/product"}],"wp:featuredmedia":[{"embeddable":true,"href":"https:\/\/hemlinegreen.htl.whale-castle.com\/de\/wp-json\/wp\/v2\/media\/14451"}],"wp:attachment":[{"href":"https:\/\/hemlinegreen.htl.whale-castle.com\/de\/wp-json\/wp\/v2\/media?parent=18712"}],"wp:term":[{"taxonomy":"product_cat","embeddable":true,"href":"https:\/\/hemlinegreen.htl.whale-castle.com\/de\/wp-json\/wp\/v2\/product_cat?post=18712"},{"taxonomy":"product_tag","embeddable":true,"href":"https:\/\/hemlinegreen.htl.whale-castle.com\/de\/wp-json\/wp\/v2\/product_tag?post=18712"}],"curies":[{"name":"wp","href":"https:\/\/api.w.org\/{rel}","templated":true}]}}