{"id":18709,"date":"2023-01-27T18:08:47","date_gmt":"2023-01-27T10:08:47","guid":{"rendered":"https:\/\/hemlinegreen.htl.whale-castle.com\/de\/product\/karabinerhaken-3\/"},"modified":"2023-01-30T15:53:50","modified_gmt":"2023-01-30T07:53:50","slug":"karabinerhaken-3","status":"publish","type":"product","link":"https:\/\/hemlinegreen.htl.whale-castle.com\/de\/product\/karabinerhaken-3\/","title":{"rendered":"Karabinerhaken"},"content":{"rendered":"<p>Geeignet f\u00fcr 20 mm breite Riemen. Erh\u00e4ltlich in Nickel- und Bronzeausf\u00fchrung. Starkes und robustes Metall. Ausgestattet mit einer Sicherheitsfeder.<\/p>\n","protected":false},"excerpt":{"rendered":"<p>Geeignet f\u00fcr 20 mm breite Riemen. Erh\u00e4ltlich in Nickel- und Bronzeausf\u00fchrung. Starkes und robustes Metall. Ausgestattet mit einer Sicherheitsfeder.<\/p>\n","protected":false},"featured_media":14445,"template":"","meta":{"_mi_skip_tracking":false},"product_cat":[12198],"product_tag":[12472],"_links":{"self":[{"href":"https:\/\/hemlinegreen.htl.whale-castle.com\/de\/wp-json\/wp\/v2\/product\/18709"}],"collection":[{"href":"https:\/\/hemlinegreen.htl.whale-castle.com\/de\/wp-json\/wp\/v2\/product"}],"about":[{"href":"https:\/\/hemlinegreen.htl.whale-castle.com\/de\/wp-json\/wp\/v2\/types\/product"}],"wp:featuredmedia":[{"embeddable":true,"href":"https:\/\/hemlinegreen.htl.whale-castle.com\/de\/wp-json\/wp\/v2\/media\/14445"}],"wp:attachment":[{"href":"https:\/\/hemlinegreen.htl.whale-castle.com\/de\/wp-json\/wp\/v2\/media?parent=18709"}],"wp:term":[{"taxonomy":"product_cat","embeddable":true,"href":"https:\/\/hemlinegreen.htl.whale-castle.com\/de\/wp-json\/wp\/v2\/product_cat?post=18709"},{"taxonomy":"product_tag","embeddable":true,"href":"https:\/\/hemlinegreen.htl.whale-castle.com\/de\/wp-json\/wp\/v2\/product_tag?post=18709"}],"curies":[{"name":"wp","href":"https:\/\/api.w.org\/{rel}","templated":true}]}}