{"id":18708,"date":"2023-01-27T18:08:47","date_gmt":"2023-01-27T10:08:47","guid":{"rendered":"https:\/\/hemlinegreen.htl.whale-castle.com\/de\/product\/karabinerhaken-2\/"},"modified":"2023-01-30T15:53:49","modified_gmt":"2023-01-30T07:53:49","slug":"karabinerhaken-2","status":"publish","type":"product","link":"https:\/\/hemlinegreen.htl.whale-castle.com\/de\/product\/karabinerhaken-2\/","title":{"rendered":"Karabinerhaken"},"content":{"rendered":"<p>Geeignet f\u00fcr 13 mm breite Riemen. Erh\u00e4ltlich in Nickel- und Bronzeausf\u00fchrung. Starkes und robustes Metall. Ausgestattet mit einer Sicherheitsfeder.<\/p>\n","protected":false},"excerpt":{"rendered":"<p>Geeignet f\u00fcr 13 mm breite Riemen. Erh\u00e4ltlich in Nickel- und Bronzeausf\u00fchrung. Starkes und robustes Metall. Ausgestattet mit einer Sicherheitsfeder.<\/p>\n","protected":false},"featured_media":14443,"template":"","meta":{"_mi_skip_tracking":false},"product_cat":[12198],"product_tag":[12472],"_links":{"self":[{"href":"https:\/\/hemlinegreen.htl.whale-castle.com\/de\/wp-json\/wp\/v2\/product\/18708"}],"collection":[{"href":"https:\/\/hemlinegreen.htl.whale-castle.com\/de\/wp-json\/wp\/v2\/product"}],"about":[{"href":"https:\/\/hemlinegreen.htl.whale-castle.com\/de\/wp-json\/wp\/v2\/types\/product"}],"wp:featuredmedia":[{"embeddable":true,"href":"https:\/\/hemlinegreen.htl.whale-castle.com\/de\/wp-json\/wp\/v2\/media\/14443"}],"wp:attachment":[{"href":"https:\/\/hemlinegreen.htl.whale-castle.com\/de\/wp-json\/wp\/v2\/media?parent=18708"}],"wp:term":[{"taxonomy":"product_cat","embeddable":true,"href":"https:\/\/hemlinegreen.htl.whale-castle.com\/de\/wp-json\/wp\/v2\/product_cat?post=18708"},{"taxonomy":"product_tag","embeddable":true,"href":"https:\/\/hemlinegreen.htl.whale-castle.com\/de\/wp-json\/wp\/v2\/product_tag?post=18708"}],"curies":[{"name":"wp","href":"https:\/\/api.w.org\/{rel}","templated":true}]}}