{"id":18707,"date":"2023-01-27T18:08:46","date_gmt":"2023-01-27T10:08:46","guid":{"rendered":"https:\/\/hemlinegreen.htl.whale-castle.com\/de\/product\/karabinerhaken\/"},"modified":"2023-01-30T15:53:49","modified_gmt":"2023-01-30T07:53:49","slug":"karabinerhaken","status":"publish","type":"product","link":"https:\/\/hemlinegreen.htl.whale-castle.com\/de\/product\/karabinerhaken\/","title":{"rendered":"Karabinerhaken"},"content":{"rendered":"<p>Perfekt zum Anbringen von abnehmbaren Tr\u00e4gern. F\u00fcgen Sie abnehmbare Riemen zu Taschen hinzu. Verwendung an Haustierleinen. Schl\u00fcssel zu einem Schl\u00fcsselanh\u00e4nger hinzuf\u00fcgen. Alulegierung. Nur abwischen<\/p>\n","protected":false},"excerpt":{"rendered":"<p>Perfekt zum Anbringen von abnehmbaren Tr\u00e4gern. F\u00fcgen Sie abnehmbare Riemen zu Taschen hinzu. Verwendung an Haustierleinen. Schl\u00fcssel zu einem Schl\u00fcsselanh\u00e4nger hinzuf\u00fcgen. Alulegierung. Nur abwischen<\/p>\n","protected":false},"featured_media":14441,"template":"","meta":{"_mi_skip_tracking":false},"product_cat":[12198],"product_tag":[12472],"_links":{"self":[{"href":"https:\/\/hemlinegreen.htl.whale-castle.com\/de\/wp-json\/wp\/v2\/product\/18707"}],"collection":[{"href":"https:\/\/hemlinegreen.htl.whale-castle.com\/de\/wp-json\/wp\/v2\/product"}],"about":[{"href":"https:\/\/hemlinegreen.htl.whale-castle.com\/de\/wp-json\/wp\/v2\/types\/product"}],"wp:featuredmedia":[{"embeddable":true,"href":"https:\/\/hemlinegreen.htl.whale-castle.com\/de\/wp-json\/wp\/v2\/media\/14441"}],"wp:attachment":[{"href":"https:\/\/hemlinegreen.htl.whale-castle.com\/de\/wp-json\/wp\/v2\/media?parent=18707"}],"wp:term":[{"taxonomy":"product_cat","embeddable":true,"href":"https:\/\/hemlinegreen.htl.whale-castle.com\/de\/wp-json\/wp\/v2\/product_cat?post=18707"},{"taxonomy":"product_tag","embeddable":true,"href":"https:\/\/hemlinegreen.htl.whale-castle.com\/de\/wp-json\/wp\/v2\/product_tag?post=18707"}],"curies":[{"name":"wp","href":"https:\/\/api.w.org\/{rel}","templated":true}]}}