{"id":18699,"date":"2023-01-27T18:08:43","date_gmt":"2023-01-27T10:08:43","guid":{"rendered":"https:\/\/hemlinegreen.htl.whale-castle.com\/de\/product\/kunststoff-druckknopfe\/"},"modified":"2023-01-30T15:53:48","modified_gmt":"2023-01-30T07:53:48","slug":"kunststoff-druckknopfe","status":"publish","type":"product","link":"https:\/\/hemlinegreen.htl.whale-castle.com\/de\/product\/kunststoff-druckknopfe\/","title":{"rendered":"Kunststoff Druckkn\u00f6pfe"},"content":{"rendered":"<p>Kein Werkzeug erforderlich. Korrosionsbest\u00e4ndig Waschbar. Zange nicht erforderlich. F\u00fcr mittlere bis dicke Stoffe.<\/p>\n","protected":false},"excerpt":{"rendered":"<p>https:\/\/www.youtube.com\/watch?v=1cr5nbeM7_Q<\/p>\n","protected":false},"featured_media":14425,"template":"","meta":{"_mi_skip_tracking":false},"product_cat":[12311],"product_tag":[12470],"_links":{"self":[{"href":"https:\/\/hemlinegreen.htl.whale-castle.com\/de\/wp-json\/wp\/v2\/product\/18699"}],"collection":[{"href":"https:\/\/hemlinegreen.htl.whale-castle.com\/de\/wp-json\/wp\/v2\/product"}],"about":[{"href":"https:\/\/hemlinegreen.htl.whale-castle.com\/de\/wp-json\/wp\/v2\/types\/product"}],"wp:featuredmedia":[{"embeddable":true,"href":"https:\/\/hemlinegreen.htl.whale-castle.com\/de\/wp-json\/wp\/v2\/media\/14425"}],"wp:attachment":[{"href":"https:\/\/hemlinegreen.htl.whale-castle.com\/de\/wp-json\/wp\/v2\/media?parent=18699"}],"wp:term":[{"taxonomy":"product_cat","embeddable":true,"href":"https:\/\/hemlinegreen.htl.whale-castle.com\/de\/wp-json\/wp\/v2\/product_cat?post=18699"},{"taxonomy":"product_tag","embeddable":true,"href":"https:\/\/hemlinegreen.htl.whale-castle.com\/de\/wp-json\/wp\/v2\/product_tag?post=18699"}],"curies":[{"name":"wp","href":"https:\/\/api.w.org\/{rel}","templated":true}]}}