{"id":18666,"date":"2023-01-27T18:08:28","date_gmt":"2023-01-27T10:08:28","guid":{"rendered":"https:\/\/hemlinegreen.htl.whale-castle.com\/de\/product\/hosen-rockhaken-3\/"},"modified":"2023-01-30T15:53:41","modified_gmt":"2023-01-30T07:53:41","slug":"hosen-rockhaken-3","status":"publish","type":"product","link":"https:\/\/hemlinegreen.htl.whale-castle.com\/de\/product\/hosen-rockhaken-3\/","title":{"rendered":"Hosen &#8211; Rockhaken"},"content":{"rendered":"<p>Geeignet f\u00fcr R\u00f6cke und Hosen. In Schwarz und Nickel erh\u00e4ltlich, von extra klein bis gro\u00df.<\/p>\n","protected":false},"excerpt":{"rendered":"<p>Geeignet f\u00fcr R\u00f6cke und Hosen. In Schwarz und Nickel erh\u00e4ltlich, von extra klein bis gro\u00df.<\/p>\n","protected":false},"featured_media":14359,"template":"","meta":{"_mi_skip_tracking":false},"product_cat":[12466],"product_tag":[12465],"_links":{"self":[{"href":"https:\/\/hemlinegreen.htl.whale-castle.com\/de\/wp-json\/wp\/v2\/product\/18666"}],"collection":[{"href":"https:\/\/hemlinegreen.htl.whale-castle.com\/de\/wp-json\/wp\/v2\/product"}],"about":[{"href":"https:\/\/hemlinegreen.htl.whale-castle.com\/de\/wp-json\/wp\/v2\/types\/product"}],"wp:featuredmedia":[{"embeddable":true,"href":"https:\/\/hemlinegreen.htl.whale-castle.com\/de\/wp-json\/wp\/v2\/media\/14359"}],"wp:attachment":[{"href":"https:\/\/hemlinegreen.htl.whale-castle.com\/de\/wp-json\/wp\/v2\/media?parent=18666"}],"wp:term":[{"taxonomy":"product_cat","embeddable":true,"href":"https:\/\/hemlinegreen.htl.whale-castle.com\/de\/wp-json\/wp\/v2\/product_cat?post=18666"},{"taxonomy":"product_tag","embeddable":true,"href":"https:\/\/hemlinegreen.htl.whale-castle.com\/de\/wp-json\/wp\/v2\/product_tag?post=18666"}],"curies":[{"name":"wp","href":"https:\/\/api.w.org\/{rel}","templated":true}]}}