{"id":18663,"date":"2023-01-27T18:08:27","date_gmt":"2023-01-27T10:08:27","guid":{"rendered":"https:\/\/hemlinegreen.htl.whale-castle.com\/de\/product\/druckknopfe-24\/"},"modified":"2023-01-30T15:53:41","modified_gmt":"2023-01-30T07:53:41","slug":"druckknopfe-24","status":"publish","type":"product","link":"https:\/\/hemlinegreen.htl.whale-castle.com\/de\/product\/druckknopfe-24\/","title":{"rendered":"Druckkn\u00f6pfe"},"content":{"rendered":"<p>Ideal f\u00fcr Homewear, Camping, M\u00e4ntel und Taschen. Rostbest\u00e4ndige Kombination aus langlebigem Kunststoff und Messing. Ideal f\u00fcr strapazierf\u00e4hige Stoffe wie Polster und Leinwand. Auch geeignet f\u00fcr Homewear, Camping, M\u00e4ntel und Taschen.<\/p>\n","protected":false},"excerpt":{"rendered":"<p>Ideal f\u00fcr Homewear, Camping, M\u00e4ntel und Taschen. Rostbest\u00e4ndige Kombination aus langlebigem Kunststoff und Messing. Ideal f\u00fcr strapazierf\u00e4hige Stoffe wie Polster und Leinwand. Auch geeignet f\u00fcr Homewear, Camping, M\u00e4ntel und Taschen.<\/p>\n","protected":false},"featured_media":14353,"template":"","meta":{"_mi_skip_tracking":false},"product_cat":[12311],"product_tag":[12310],"_links":{"self":[{"href":"https:\/\/hemlinegreen.htl.whale-castle.com\/de\/wp-json\/wp\/v2\/product\/18663"}],"collection":[{"href":"https:\/\/hemlinegreen.htl.whale-castle.com\/de\/wp-json\/wp\/v2\/product"}],"about":[{"href":"https:\/\/hemlinegreen.htl.whale-castle.com\/de\/wp-json\/wp\/v2\/types\/product"}],"wp:featuredmedia":[{"embeddable":true,"href":"https:\/\/hemlinegreen.htl.whale-castle.com\/de\/wp-json\/wp\/v2\/media\/14353"}],"wp:attachment":[{"href":"https:\/\/hemlinegreen.htl.whale-castle.com\/de\/wp-json\/wp\/v2\/media?parent=18663"}],"wp:term":[{"taxonomy":"product_cat","embeddable":true,"href":"https:\/\/hemlinegreen.htl.whale-castle.com\/de\/wp-json\/wp\/v2\/product_cat?post=18663"},{"taxonomy":"product_tag","embeddable":true,"href":"https:\/\/hemlinegreen.htl.whale-castle.com\/de\/wp-json\/wp\/v2\/product_tag?post=18663"}],"curies":[{"name":"wp","href":"https:\/\/api.w.org\/{rel}","templated":true}]}}