{"id":18659,"date":"2023-01-27T18:08:22","date_gmt":"2023-01-27T10:08:22","guid":{"rendered":"https:\/\/hemlinegreen.htl.whale-castle.com\/de\/product\/anorak-druckknopfe-metal-b-serie\/"},"modified":"2023-01-30T15:53:39","modified_gmt":"2023-01-30T07:53:39","slug":"anorak-druckknopfe-metal-b-serie","status":"publish","type":"product","link":"https:\/\/hemlinegreen.htl.whale-castle.com\/de\/product\/anorak-druckknopfe-metal-b-serie\/","title":{"rendered":"Anorak Druckkn\u00f6pfe &#8211; Metal &#8211; B-Serie"},"content":{"rendered":"<p>Anorak-Druckkn\u00f6pfe sind f\u00fcr mittelschwere und schwere Stoffe konzipiert. <\/p>\n","protected":false},"excerpt":{"rendered":"<p>Anorak-Druckkn\u00f6pfe sind f\u00fcr mittelschwere und schwere Stoffe konzipiert.<\/p>\n","protected":false},"featured_media":14345,"template":"","meta":{"_mi_skip_tracking":false},"product_cat":[12311],"product_tag":[12464],"_links":{"self":[{"href":"https:\/\/hemlinegreen.htl.whale-castle.com\/de\/wp-json\/wp\/v2\/product\/18659"}],"collection":[{"href":"https:\/\/hemlinegreen.htl.whale-castle.com\/de\/wp-json\/wp\/v2\/product"}],"about":[{"href":"https:\/\/hemlinegreen.htl.whale-castle.com\/de\/wp-json\/wp\/v2\/types\/product"}],"wp:featuredmedia":[{"embeddable":true,"href":"https:\/\/hemlinegreen.htl.whale-castle.com\/de\/wp-json\/wp\/v2\/media\/14345"}],"wp:attachment":[{"href":"https:\/\/hemlinegreen.htl.whale-castle.com\/de\/wp-json\/wp\/v2\/media?parent=18659"}],"wp:term":[{"taxonomy":"product_cat","embeddable":true,"href":"https:\/\/hemlinegreen.htl.whale-castle.com\/de\/wp-json\/wp\/v2\/product_cat?post=18659"},{"taxonomy":"product_tag","embeddable":true,"href":"https:\/\/hemlinegreen.htl.whale-castle.com\/de\/wp-json\/wp\/v2\/product_tag?post=18659"}],"curies":[{"name":"wp","href":"https:\/\/api.w.org\/{rel}","templated":true}]}}