{"id":18648,"date":"2023-01-27T18:08:16","date_gmt":"2023-01-27T10:08:16","guid":{"rendered":"https:\/\/hemlinegreen.htl.whale-castle.com\/de\/product\/markierstift-8\/"},"modified":"2023-01-30T15:53:38","modified_gmt":"2023-01-30T07:53:38","slug":"markierstift-8","status":"publish","type":"product","link":"https:\/\/hemlinegreen.htl.whale-castle.com\/de\/product\/markierstift-8\/","title":{"rendered":"Markierstift"},"content":{"rendered":"<p>Selbstaufl\u00f6send, Feine Spitze. Mit einem feuchten Tuch abwischbar. Verschwindet nach 24-72 Stunden. Extra feine Spitze f\u00fcr detaillierte Markierungen. Ideal zum Quilten und Basteln. Ausgezeichnet f\u00fcr den Einsatz auf Stoffen,<br \/>\ndie nicht zum Waschen geeignet sind.<\/p>\n","protected":false},"excerpt":{"rendered":"<p>https:\/\/www.youtube.com\/watch?v=Dau8_cSOT9Q<\/p>\n","protected":false},"featured_media":14323,"template":"","meta":{"_mi_skip_tracking":false},"product_cat":[12282],"product_tag":[12281],"_links":{"self":[{"href":"https:\/\/hemlinegreen.htl.whale-castle.com\/de\/wp-json\/wp\/v2\/product\/18648"}],"collection":[{"href":"https:\/\/hemlinegreen.htl.whale-castle.com\/de\/wp-json\/wp\/v2\/product"}],"about":[{"href":"https:\/\/hemlinegreen.htl.whale-castle.com\/de\/wp-json\/wp\/v2\/types\/product"}],"wp:featuredmedia":[{"embeddable":true,"href":"https:\/\/hemlinegreen.htl.whale-castle.com\/de\/wp-json\/wp\/v2\/media\/14323"}],"wp:attachment":[{"href":"https:\/\/hemlinegreen.htl.whale-castle.com\/de\/wp-json\/wp\/v2\/media?parent=18648"}],"wp:term":[{"taxonomy":"product_cat","embeddable":true,"href":"https:\/\/hemlinegreen.htl.whale-castle.com\/de\/wp-json\/wp\/v2\/product_cat?post=18648"},{"taxonomy":"product_tag","embeddable":true,"href":"https:\/\/hemlinegreen.htl.whale-castle.com\/de\/wp-json\/wp\/v2\/product_tag?post=18648"}],"curies":[{"name":"wp","href":"https:\/\/api.w.org\/{rel}","templated":true}]}}