{"id":18645,"date":"2023-01-27T18:08:15","date_gmt":"2023-01-27T10:08:15","guid":{"rendered":"https:\/\/hemlinegreen.htl.whale-castle.com\/de\/product\/wasserloslicher-markierstift-2\/"},"modified":"2023-01-30T15:53:37","modified_gmt":"2023-01-30T07:53:37","slug":"wasserloslicher-markierstift-2","status":"publish","type":"product","link":"https:\/\/hemlinegreen.htl.whale-castle.com\/de\/product\/wasserloslicher-markierstift-2\/","title":{"rendered":"Wasserl\u00f6slicher Markierstift"},"content":{"rendered":"<p>Mit einem feuchten Tuch abwischen oder in kaltem Wasser auswaschen. Geeignet f\u00fcr die meisten farbigen Stoffe. Einfach zu verwenden. Perfekt f\u00fcr pr\u00e4zise Markierungen zum N\u00e4hen, N\u00e4hen + Basteln.<\/p>\n","protected":false},"excerpt":{"rendered":"<p>Mit einem feuchten Tuch abwischen oder in kaltem Wasser auswaschen. Geeignet f\u00fcr die meisten farbigen Stoffe. Einfach zu verwenden. Perfekt f\u00fcr pr\u00e4zise Markierungen zum N\u00e4hen, N\u00e4hen + Basteln.<\/p>\n","protected":false},"featured_media":14317,"template":"","meta":{"_mi_skip_tracking":false},"product_cat":[12458],"product_tag":[12457],"_links":{"self":[{"href":"https:\/\/hemlinegreen.htl.whale-castle.com\/de\/wp-json\/wp\/v2\/product\/18645"}],"collection":[{"href":"https:\/\/hemlinegreen.htl.whale-castle.com\/de\/wp-json\/wp\/v2\/product"}],"about":[{"href":"https:\/\/hemlinegreen.htl.whale-castle.com\/de\/wp-json\/wp\/v2\/types\/product"}],"wp:featuredmedia":[{"embeddable":true,"href":"https:\/\/hemlinegreen.htl.whale-castle.com\/de\/wp-json\/wp\/v2\/media\/14317"}],"wp:attachment":[{"href":"https:\/\/hemlinegreen.htl.whale-castle.com\/de\/wp-json\/wp\/v2\/media?parent=18645"}],"wp:term":[{"taxonomy":"product_cat","embeddable":true,"href":"https:\/\/hemlinegreen.htl.whale-castle.com\/de\/wp-json\/wp\/v2\/product_cat?post=18645"},{"taxonomy":"product_tag","embeddable":true,"href":"https:\/\/hemlinegreen.htl.whale-castle.com\/de\/wp-json\/wp\/v2\/product_tag?post=18645"}],"curies":[{"name":"wp","href":"https:\/\/api.w.org\/{rel}","templated":true}]}}