{"id":18640,"date":"2023-01-27T18:08:12","date_gmt":"2023-01-27T10:08:12","guid":{"rendered":"https:\/\/hemlinegreen.htl.whale-castle.com\/de\/product\/schneider-ahle\/"},"modified":"2023-01-30T15:53:37","modified_gmt":"2023-01-30T07:53:37","slug":"schneider-ahle","status":"publish","type":"product","link":"https:\/\/hemlinegreen.htl.whale-castle.com\/de\/product\/schneider-ahle\/","title":{"rendered":"Schneider Ahle"},"content":{"rendered":"<p>Ein praktisches Werkzeug zum Durchstechen von L\u00f6chern f\u00fcr Nieten, \u00d6sen und Druckkn\u00f6pfe. Ausgestattet mit einem<br \/>\nrutschfesten, weichen Griff und einer Sicherheitsabdeckung. Ein praktisches Werkzeug zum Durchstechen von L\u00f6chern f\u00fcr Nieten, \u00d6sen und Druckkn\u00f6pfe. Bei Nichtgebrauch mit Kunststoffabdeckung abdecken. Ausgestattet mit einem rutschfesten, weichen Griff.<\/p>\n","protected":false},"excerpt":{"rendered":"<p>Ein praktisches Werkzeug zum Durchstechen von L\u00f6chern f\u00fcr Nieten, \u00d6sen und Druckkn\u00f6pfe. Ausgestattet mit einem rutschfesten, weichen Griff und einer Sicherheitsabdeckung. Ein praktisches Werkzeug zum Durchstechen von L\u00f6chern f\u00fcr Nieten, \u00d6sen und Druckkn\u00f6pfe. Bei Nichtgebrauch mit Kunststoffabdeckung abdecken. Ausgestattet mit einem rutschfesten, weichen Griff.<\/p>\n","protected":false},"featured_media":14307,"template":"","meta":{"_mi_skip_tracking":false},"product_cat":[12453],"product_tag":[12452],"_links":{"self":[{"href":"https:\/\/hemlinegreen.htl.whale-castle.com\/de\/wp-json\/wp\/v2\/product\/18640"}],"collection":[{"href":"https:\/\/hemlinegreen.htl.whale-castle.com\/de\/wp-json\/wp\/v2\/product"}],"about":[{"href":"https:\/\/hemlinegreen.htl.whale-castle.com\/de\/wp-json\/wp\/v2\/types\/product"}],"wp:featuredmedia":[{"embeddable":true,"href":"https:\/\/hemlinegreen.htl.whale-castle.com\/de\/wp-json\/wp\/v2\/media\/14307"}],"wp:attachment":[{"href":"https:\/\/hemlinegreen.htl.whale-castle.com\/de\/wp-json\/wp\/v2\/media?parent=18640"}],"wp:term":[{"taxonomy":"product_cat","embeddable":true,"href":"https:\/\/hemlinegreen.htl.whale-castle.com\/de\/wp-json\/wp\/v2\/product_cat?post=18640"},{"taxonomy":"product_tag","embeddable":true,"href":"https:\/\/hemlinegreen.htl.whale-castle.com\/de\/wp-json\/wp\/v2\/product_tag?post=18640"}],"curies":[{"name":"wp","href":"https:\/\/api.w.org\/{rel}","templated":true}]}}